{"id":10,"date":"2016-06-14T03:07:41","date_gmt":"2016-06-14T03:07:41","guid":{"rendered":"http:\/\/energylifesciences.com\/?page_id=10"},"modified":"2024-02-19T15:08:36","modified_gmt":"2024-02-19T23:08:36","slug":"about","status":"publish","type":"page","link":"https:\/\/energylifesciences.com\/es\/about\/","title":{"rendered":"Acerca de"},"content":{"rendered":"<p><\/p>\n<p>[vc_row full_width=&#8221;stretch_row&#8221; css=&#8221;.vc_custom_1466619897167{background-image: url(https:\/\/energylifesciences.com\/wp-content\/uploads\/2016\/06\/slide-4-2.png?id=16027) !important;background-position: center !important;background-repeat: no-repeat !important;background-size: cover !important;}&#8221; el_class=&#8221;banner overlay bg-top light&#8221;][vc_column][vc_column_text]<\/p>\n<h1 style=\"text-align: center;\"><\/h1>\n<h1 style=\"text-align: center;\">ACERCA DE<\/h1>\n<h2 style=\"text-align: center;\"><\/h2>\n<h2 style=\"text-align: center;\"><\/h2>\n<h2 style=\"text-align: center;\">Energy Life Sciences Institute\u00ae<\/h2>\n<p>[\/vc_column_text][\/vc_column][\/vc_row][vc_row][vc_column][vc_single_image image=&#8221;352414&#8243; img_size=&#8221;104&#215;104&#8243; alignment=&#8221;center&#8221; css=&#8221;.vc_custom_1676874477293{margin-top: 26px !important;margin-bottom: 26px !important;}&#8221;][vc_column_text css=&#8221;.vc_custom_1687534920365{margin-top: 20px !important;margin-bottom: 20px !important;}&#8221;]<\/p>\n<h2 style=\"text-align: center;\">\u201cLA ENERG\u00cdA ES LA FUENTE DE NUESTRO SER.\u201d<\/h2>\n<p>[\/vc_column_text][vc_column_text css=&#8221;.vc_custom_1687535355654{margin-top: 30px !important;margin-bottom: 50px !important;}&#8221;]<\/p>\n<h3 style=\"text-align: center;\">Permitiendo que Nuestra Fuerza de Energ\u00eda Innata Cree Sanaci\u00f3n<\/h3>\n<p>[\/vc_column_text][vc_row_inner][vc_column_inner offset=&#8221;vc_col-lg-offset-1 vc_col-lg-10 vc_col-md-offset-1 vc_col-md-10&#8243;][vc_column_text]<\/p>\n<p style=\"text-align: center;\">El Energy Life Sciences Institute\u00ae brinda soluciones educativas y m\u00e9dicas integrales para ayudarlo a vivir con vitalidad y alcanzar su m\u00e1ximo potencial. Una metodolog\u00eda que se enfoca en la energ\u00eda y la conciencia est\u00e1 en el centro de nuestros servicios y productos, proporcionando un marco para sanar y vivir de la mejor manera posible.<\/p>\n<p style=\"text-align: center;\">Reconocemos que en el mundo conectado de hoy, existe la necesidad de integrar la curaci\u00f3n oriental y la curaci\u00f3n cham\u00e1nica en las pr\u00e1cticas m\u00e9dicas occidentales y el avance de la atenci\u00f3n m\u00e9dica no tradicional. El Energy Life Sciences Institute tiene como objetivo contribuir a esta necesidad como un representante respetado de la salud y el bienestar alternativos a nivel nacional y mundial.<\/p>\n<p style=\"text-align: center;\">\u201cEstar saludable hoy es sentirse pleno, completo, decidido, presente, vital y amoroso. Incluye salud f\u00edsica y tambi\u00e9n desarrollar un contexto energ\u00e9tico, un contexto espiritual. Requiere usar su energ\u00eda de manera eficiente y estar atento o consciente. La salud y la conciencia son las claves del bienestar y la realizaci\u00f3n.<\/p>\n<p style=\"text-align: center;\">La Metodolog\u00eda Energy Life Sciences integra movimiento, educaci\u00f3n y medicina complementaria para empoderarte para estar bien y prevenir enfermedades. En la ra\u00edz de nuestros servicios y productos est\u00e1 el entendimiento de que somos energ\u00eda primero.<\/p>\n<p style=\"text-align: center;\">El cofundador del Energy Life Sciences Institute, el Dr. Miles Reid, es la fuente de referencia para la curaci\u00f3n y los m\u00e9todos alternativos para curar enfermedades. Ofrece las m\u00e1s altas habilidades profesionales y una perspectiva \u00fanica que hacen que nuestros programas educativos y servicios cl\u00ednicos sean diferentes de todos los dem\u00e1s.<\/p>\n<p style=\"text-align: center;\">El Dr. Reid es un Doctor en Medicina de Argentina y tiene t\u00edtulos en Medicina Oriental como Acupunturista y Herbolario Chino. Aprendiz directo de Carlos Castaneda, tambi\u00e9n se ha involucrado en m\u00e1s de 20 a\u00f1os de pr\u00e1cticas cham\u00e1nicas del M\u00e9xico antiguo. Miles aporta d\u00e9cadas de estudio y experiencia en movimiento y conciencia a los servicios, clases y productos que ofrece el Instituto.<\/p>\n<h4 style=\"text-align: center;\">Experimenta la diferencia.<\/h4>\n<p>[\/vc_column_text][\/vc_column_inner][\/vc_row_inner][\/vc_column][\/vc_row][vc_row full_width=&#8221;stretch_row&#8221; css=&#8221;.vc_custom_1467835286360{margin-top: 50px !important;margin-bottom: 40px !important;background-image: url(https:\/\/energylifesciences.com\/wp-content\/uploads\/2016\/06\/energy-life-sciences-elsi-bg.jpg?id=16440) !important;background-position: center !important;background-repeat: no-repeat !important;background-size: cover !important;}&#8221; el_class=&#8221;content-bg&#8221;][vc_column][vc_column_text]<\/p>\n<h2 style=\"text-align: center;\">Entendiendo que Somos Energ\u00eda Primero<\/h2>\n<p>[\/vc_column_text][\/vc_column][\/vc_row][vc_row][vc_column offset=&#8221;vc_col-lg-offset-1 vc_col-lg-10 vc_col-md-offset-1 vc_col-md-10&#8243;][vc_column_text css=&#8221;.vc_custom_1687535050261{margin-top: 80px !important;margin-bottom: 80px !important;}&#8221;]<\/p>\n<h3 style=\"text-align: center;\"><em>Somos seres de energ\u00eda: todo en el mundo f\u00edsico est\u00e1 compuesto de energ\u00eda. Los pensamientos tambi\u00e9n est\u00e1n hechos de energ\u00eda. A nivel subat\u00f3mico, somos pura energ\u00eda. Necesitamos energ\u00eda para respirar, movernos, pensar y actuar. La energ\u00eda fluye en el cuerpo, y cuando no fluye libremente, crea enfermedad.<\/em><\/h3>\n<p>[\/vc_column_text][vc_column_text]<\/p>\n<p style=\"text-align: center;\">Como ha demostrado la ciencia de la epigen\u00e9tica, nuestros pensamientos y creencias influyen en nuestra salud a nivel gen\u00e9tico. Por lo tanto, nuestra energ\u00eda influye directamente en nuestros genes y en la esencia de todo nuestro ser, interna y externamente.<\/p>\n<p>[\/vc_column_text][\/vc_column][\/vc_row][vc_row full_width=&#8221;stretch_row&#8221; css=&#8221;.vc_custom_1467835313989{margin-top: 90px !important;margin-bottom: 90px !important;background-image: url(https:\/\/energylifesciences.com\/wp-content\/uploads\/2016\/06\/energy-life-sciences-health-bg2.jpg?id=16441) !important;background-position: center !important;background-repeat: no-repeat !important;background-size: cover !important;}&#8221; el_class=&#8221;content-bg&#8221;][vc_column][vc_custom_heading text=&#8221;Energy Life Sciences Institute<br \/>\nLa Sabidur\u00eda Antigua se Encuentra con la Ciencia Moderna&#8221; font_container=&#8221;tag:h2|font_size:43|text_align:center|color:%23ffffff&#8221; google_fonts=&#8221;font_family:Open%20Sans%3A300%2C300italic%2Cregular%2Citalic%2C600%2C600italic%2C700%2C700italic%2C800%2C800italic|font_style:300%20light%20regular%3A300%3Anormal&#8221;][\/vc_column][\/vc_row][vc_row][vc_column offset=&#8221;vc_col-lg-offset-1 vc_col-lg-10 vc_col-md-offset-1 vc_col-md-10&#8243;][vc_column_text]<\/p>\n<p style=\"text-align: center;\">Una nueva investigaci\u00f3n est\u00e1 revelando el papel de la conciencia en nuestra salud y est\u00e1 lista para transformar la atenci\u00f3n m\u00e9dica e influir en la educaci\u00f3n, los negocios, los deportes y todos los dem\u00e1s esfuerzos relacionados con el desempe\u00f1o humano. Ahora estamos en una coyuntura en la que podemos unir de manera efectiva el conocimiento antiguo con la salud moderna.<\/p>\n<p style=\"text-align: center;\">El Energy Life Sciences Institute facilita su proceso de curaci\u00f3n al ayudarlo a identificar y eliminar los bloqueos que lo limitan f\u00edsica, emocional y mentalmente. Adem\u00e1s de nuestros servicios m\u00e9dicos, ofrecemos clases, talleres y materiales educativos para ayudarlo a acceder a su energ\u00eda, aprovechar su poder interior y disfrutar de una mayor salud y vitalidad.<\/p>\n<p>[\/vc_column_text][vc_column_text css=&#8221;.vc_custom_1687535198398{margin-top: 80px !important;}&#8221;]<\/p>\n<h3 style=\"text-align: center; max-width: 850px;\"><span style=\"color: #000000;\">\u00a1Abre tu conciencia y disfruta de la salud, la armon\u00eda y la vitalidad!<\/span><\/h3>\n<h3 style=\"text-align: center; max-width: 850px;\"><span style=\"color: #000000;\">Renu\u00e9vate y Revital\u00edzate Hoy<\/span><\/h3>\n<p>[\/vc_column_text][\/vc_column][\/vc_row]<\/p>\n<p><\/p>","protected":false},"excerpt":{"rendered":"<p>[vc_row full_width=&#8221;stretch_row&#8221; css=&#8221;.vc_custom_1466619897167{background-image: url(https:\/\/energylifesciences.com\/wp-content\/uploads\/2016\/06\/slide-4-2.png?id=16027) !important;background-position: center !important;background-repeat: no-repeat !important;background-size: cover !important;}&#8221; el_class=&#8221;banner overlay bg-top light&#8221;][vc_column][vc_column_text] ACERCA DE Energy Life Sciences Institute\u00ae [\/vc_column_text][\/vc_column][\/vc_row][vc_row][vc_column][vc_single_image image=&#8221;352414&#8243; img_size=&#8221;104&#215;104&#8243; alignment=&#8221;center&#8221; css=&#8221;.vc_custom_1676874477293{margin-top: 26px !important;margin-bottom: 26px !important;}&#8221;][vc_column_text css=&#8221;.vc_custom_1687534920365{margin-top: 20px !important;margin-bottom: 20px !important;}&#8221;] \u201cLA ENERG\u00cdA ES LA FUENTE DE NUESTRO SER.\u201d [\/vc_column_text][vc_column_text css=&#8221;.vc_custom_1687535355654{margin-top: 30px !important;margin-bottom: 50px !important;}&#8221;] Permitiendo que Nuestra Fuerza de Energ\u00eda<a class=\"excerpt-read-more\" href=\"https:\/\/energylifesciences.com\/es\/about\/\" title=\"ReadAcerca de\">&#8230; Read more &raquo;<\/a><\/p>\n","protected":false},"author":4,"featured_media":0,"parent":0,"menu_order":0,"comment_status":"closed","ping_status":"closed","template":"template-full-width.php","meta":{"footnotes":""},"categories":[],"tags":[],"class_list":["post-10","page","type-page","status-publish","hentry"],"_links":{"self":[{"href":"https:\/\/energylifesciences.com\/es\/wp-json\/wp\/v2\/pages\/10","targetHints":{"allow":["GET"]}}],"collection":[{"href":"https:\/\/energylifesciences.com\/es\/wp-json\/wp\/v2\/pages"}],"about":[{"href":"https:\/\/energylifesciences.com\/es\/wp-json\/wp\/v2\/types\/page"}],"author":[{"embeddable":true,"href":"https:\/\/energylifesciences.com\/es\/wp-json\/wp\/v2\/users\/4"}],"replies":[{"embeddable":true,"href":"https:\/\/energylifesciences.com\/es\/wp-json\/wp\/v2\/comments?post=10"}],"version-history":[{"count":0,"href":"https:\/\/energylifesciences.com\/es\/wp-json\/wp\/v2\/pages\/10\/revisions"}],"wp:attachment":[{"href":"https:\/\/energylifesciences.com\/es\/wp-json\/wp\/v2\/media?parent=10"}],"wp:term":[{"taxonomy":"category","embeddable":true,"href":"https:\/\/energylifesciences.com\/es\/wp-json\/wp\/v2\/categories?post=10"},{"taxonomy":"post_tag","embeddable":true,"href":"https:\/\/energylifesciences.com\/es\/wp-json\/wp\/v2\/tags?post=10"}],"curies":[{"name":"wp","href":"https:\/\/api.w.org\/{rel}","templated":true}]}}