{"id":19,"date":"2016-06-14T06:08:58","date_gmt":"2016-06-14T06:08:58","guid":{"rendered":"http:\/\/energylifesciences.com\/?page_id=19"},"modified":"2024-02-20T01:04:57","modified_gmt":"2024-02-20T09:04:57","slug":"contact","status":"publish","type":"page","link":"https:\/\/energylifesciences.com\/es\/contact\/","title":{"rendered":"Contacto"},"content":{"rendered":"<p>[vc_row el_class=&#8221;banner&#8221;][vc_column][vc_column_text]<\/p>\n<h1 style=\"text-align: center;\"><span style=\"color: #000000;\">CONTACTA A ELSI<\/span><\/h1>\n<h2 style=\"text-align: center;\"><span style=\"color: #000000;\">SOLICITA UNA CONSULTA<\/span><\/h2>\n<p>[\/vc_column_text][vc_single_image image=&#8221;356167&#8243; img_size=&#8221;104&#215;104&#8243; alignment=&#8221;center&#8221; css=&#8221;.vc_custom_1687538702329{margin-top: 40px !important;margin-bottom: 80px !important;}&#8221;][\/vc_column][\/vc_row][vc_row][vc_column][vc_column_text css=&#8221;.vc_custom_1479774835137{margin-bottom: 80px !important;}&#8221;]<\/p>\n<h3 style=\"text-align: center;\">Para obtener m\u00e1s informaci\u00f3n acerca de nuestros servicios o programar una consulta, usa las formas y recursos que est\u00e1n abajo.<\/h3>\n<p>[\/vc_column_text][vc_column_text]<\/p>\n<h4 style=\"margin: 0px 0px 10px; font-weight: 500; text-align: center;\"><span style=\"color: #fbb95a;\">PARA PREGUNTAS Y PARA PROGRAMAR UNA CITA:<\/span><\/h4>\n<div class=\"wpcf7 no-js\" id=\"wpcf7-f5-o2\" lang=\"en-US\" dir=\"ltr\" data-wpcf7-id=\"5\">\n<div class=\"screen-reader-response\"><p role=\"status\" aria-live=\"polite\" aria-atomic=\"true\"><\/p> <ul><\/ul><\/div>\n<form action=\"\/es\/wp-json\/wp\/v2\/pages\/19#wpcf7-f5-o2\" method=\"post\" class=\"wpcf7-form init\" aria-label=\"Contact form\" novalidate=\"novalidate\" data-status=\"init\">\n<fieldset class=\"hidden-fields-container\"><input type=\"hidden\" name=\"_wpcf7\" value=\"5\" \/><input type=\"hidden\" name=\"_wpcf7_version\" value=\"6.1.5\" \/><input type=\"hidden\" name=\"_wpcf7_locale\" value=\"en_US\" \/><input type=\"hidden\" name=\"_wpcf7_unit_tag\" value=\"wpcf7-f5-o2\" \/><input type=\"hidden\" name=\"_wpcf7_container_post\" value=\"0\" \/><input type=\"hidden\" name=\"_wpcf7_posted_data_hash\" value=\"\" \/>\n<\/fieldset>\n<div class=\"row\">\n\t<div class=\"medium-6 columns\">\n\t\t<p><label>Name<\/label>\n\t\t<\/p>\n\t\t<p><span class=\"wpcf7-form-control-wrap\" data-name=\"your-name\"><input size=\"40\" maxlength=\"400\" class=\"wpcf7-form-control wpcf7-text wpcf7-validates-as-required\" aria-required=\"true\" aria-invalid=\"false\" placeholder=\"Enter your name\" value=\"\" type=\"text\" name=\"your-name\" \/><\/span>\n\t\t<\/p>\n\t\t<p><label>Phone<\/label>\n\t\t<\/p>\n\t\t<p><span class=\"wpcf7-form-control-wrap\" data-name=\"your-phone\"><input size=\"40\" maxlength=\"400\" class=\"wpcf7-form-control wpcf7-tel wpcf7-validates-as-required wpcf7-text wpcf7-validates-as-tel\" aria-required=\"true\" aria-invalid=\"false\" placeholder=\"Enter your phone\" value=\"\" type=\"tel\" name=\"your-phone\" \/><\/span>\n\t\t<\/p>\n\t\t<p><label>Email<\/label>\n\t\t<\/p>\n\t\t<p><span class=\"wpcf7-form-control-wrap\" data-name=\"your-email\"><input size=\"40\" maxlength=\"400\" class=\"wpcf7-form-control wpcf7-text wpcf7-validates-as-required\" aria-required=\"true\" aria-invalid=\"false\" placeholder=\"Enter your email\" value=\"\" type=\"text\" name=\"your-email\" \/><\/span>\n\t\t<\/p>\n\t<\/div>\n\t<div class=\"medium-6 columns\">\n\t\t<p><label>Message<\/label>\n\t\t<\/p>\n\t\t<p><span class=\"wpcf7-form-control-wrap\" data-name=\"your-message\"><textarea cols=\"40\" rows=\"10\" maxlength=\"2000\" class=\"wpcf7-form-control wpcf7-textarea wpcf7-validates-as-required\" aria-required=\"true\" aria-invalid=\"false\" placeholder=\"Your Message\" name=\"your-message\"><\/textarea><\/span>\n\t\t<\/p>\n\t<\/div>\n<\/div>\n<p><input class=\"wpcf7-form-control wpcf7-submit has-spinner\" type=\"submit\" value=\"Send\" \/>\n<\/p><p style=\"display: none !important;\" class=\"akismet-fields-container\" data-prefix=\"_wpcf7_ak_\"><label>&#916;<textarea name=\"_wpcf7_ak_hp_textarea\" cols=\"45\" rows=\"8\" maxlength=\"100\"><\/textarea><\/label><input type=\"hidden\" id=\"ak_js_2\" name=\"_wpcf7_ak_js\" value=\"241\"\/><script>document.getElementById( \"ak_js_2\" ).setAttribute( \"value\", ( new Date() ).getTime() );<\/script><\/p><input type='hidden' class='wpcf7-pum' value='{\"closepopup\":false,\"closedelay\":0,\"openpopup\":false,\"openpopup_id\":0}' \/><div class=\"wpcf7-response-output\" aria-hidden=\"true\"><\/div>\n<\/form>\n<\/div>\n[\/vc_column_text][\/vc_column][\/vc_row][vc_row][vc_column offset=&#8221;vc_col-lg-offset-1 vc_col-lg-10 vc_col-md-offset-1 vc_col-md-10&#8243;][vc_column_text]<\/p>\n<h5 style=\"text-align: center;\">Nuevos Pacientes:<\/h5>\n<h3 style=\"text-align: center;\">FORMULARIOS DE ENTRADA DEL PACIENTE<\/h3>\n<p style=\"text-align: center;\">Para tu comodidad, puedes descargar nuestros formularios de entrada aqu\u00ed (en formato PDF) para revisarlos, imprimirlos y llenarlos antes de tu cita.<\/p>\n<p style=\"text-align: center;\">Normalmente se tarda alrededor de quince minutos llenar el papeleo. Al hacer esto de antemano, te das el tiempo para llenarlo por completo, sin tener apuros cuando comience tu tratamiento.<\/p>\n<p style=\"text-align: center;\">Adem\u00e1s de las cuestiones m\u00e9dicas habituales, el doctor querr\u00e1 saber acerca de tus emociones y h\u00e1bitos de vida, para una evaluaci\u00f3n de salud m\u00e1s integrada.<\/p>\n<h3 style=\"text-align: center;\"><span style=\"color: #fbb95a;\">Favor de descargar y llenar los formularios de entrada de pacientes antes de tu primera visita.<\/span><\/h3>\n<h4 style=\"text-align: center;\">Descarga nuestro Formulario de Entrada del Paciente<\/h4>\n<p style=\"text-align: center;\"><a class=\"vc_general vc_btn3 vc_btn3-size-md vc_btn3-shape-rounded vc_btn3-style-flat vc_btn3-color-grey\" href=\"https:\/\/energylifesciences.com\/wp-content\/uploads\/2016\/07\/Intake_Forms_Reid.pdf\" download=\"Intake_Forms_Reid.pdf\">Dr. Miles Reid<\/a><\/p>\n<p>[\/vc_column_text][\/vc_column][\/vc_row][vc_row full_width=&#8221;stretch_row&#8221; css=&#8221;.vc_custom_1466689954696{background-image: url(https:\/\/energylifesciences.com\/wp-content\/uploads\/2016\/06\/contact-bg.png?id=16093) !important;background-position: center !important;background-repeat: no-repeat !important;background-size: cover !important;}&#8221; el_class=&#8221;content-bg&#8221;][vc_column][vc_column_text]<\/p>\n<h5 style=\"text-align: center;\"><span style=\"color: #ffffff;\"><strong>Energy Life Sciences Institute<\/strong><\/span><\/h5>\n<p style=\"text-align: center;\"><span style=\"color: #ffffff;\">2001 S. Barrington Avenue Suite 116<\/span><br \/>\n<span style=\"color: #ffffff;\">Los Angeles, CA 90025<\/span><\/p>\n<p style=\"text-align: center;\"><a href=\"https:\/\/goo.gl\/maps\/MmCXaiuQDXn\" target=\"_blank\" rel=\"noopener\"><span style=\"color: #ffffff;\">SHOW ON MAP<\/span><\/a><\/p>\n<p>[\/vc_column_text][\/vc_column][\/vc_row]<\/p>","protected":false},"excerpt":{"rendered":"<p>[vc_row el_class=&#8221;banner&#8221;][vc_column][vc_column_text] CONTACTA A ELSI SOLICITA UNA CONSULTA [\/vc_column_text][vc_single_image image=&#8221;356167&#8243; img_size=&#8221;104&#215;104&#8243; alignment=&#8221;center&#8221; css=&#8221;.vc_custom_1687538702329{margin-top: 40px !important;margin-bottom: 80px !important;}&#8221;][\/vc_column][\/vc_row][vc_row][vc_column][vc_column_text css=&#8221;.vc_custom_1479774835137{margin-bottom: 80px !important;}&#8221;] Para obtener m\u00e1s informaci\u00f3n acerca de nuestros servicios o programar una consulta, usa las formas y recursos que est\u00e1n abajo. [\/vc_column_text][vc_column_text] PARA PREGUNTAS Y PARA PROGRAMAR UNA CITA: [\/vc_column_text][\/vc_column][\/vc_row][vc_row][vc_column offset=&#8221;vc_col-lg-offset-1 vc_col-lg-10 vc_col-md-offset-1 vc_col-md-10&#8243;][vc_column_text] Nuevos Pacientes:<a class=\"excerpt-read-more\" href=\"https:\/\/energylifesciences.com\/es\/contact\/\" title=\"ReadContacto\">&#8230; Read more &raquo;<\/a><\/p>\n","protected":false},"author":4,"featured_media":0,"parent":0,"menu_order":0,"comment_status":"closed","ping_status":"closed","template":"template-full-width.php","meta":{"footnotes":""},"class_list":["post-19","page","type-page","status-publish","hentry"],"_links":{"self":[{"href":"https:\/\/energylifesciences.com\/es\/wp-json\/wp\/v2\/pages\/19","targetHints":{"allow":["GET"]}}],"collection":[{"href":"https:\/\/energylifesciences.com\/es\/wp-json\/wp\/v2\/pages"}],"about":[{"href":"https:\/\/energylifesciences.com\/es\/wp-json\/wp\/v2\/types\/page"}],"author":[{"embeddable":true,"href":"https:\/\/energylifesciences.com\/es\/wp-json\/wp\/v2\/users\/4"}],"replies":[{"embeddable":true,"href":"https:\/\/energylifesciences.com\/es\/wp-json\/wp\/v2\/comments?post=19"}],"version-history":[{"count":0,"href":"https:\/\/energylifesciences.com\/es\/wp-json\/wp\/v2\/pages\/19\/revisions"}],"wp:attachment":[{"href":"https:\/\/energylifesciences.com\/es\/wp-json\/wp\/v2\/media?parent=19"}],"curies":[{"name":"wp","href":"https:\/\/api.w.org\/{rel}","templated":true}]}}