{"id":24,"date":"2016-06-14T03:37:45","date_gmt":"2016-06-14T03:37:45","guid":{"rendered":"http:\/\/energylifesciences.com\/?page_id=24"},"modified":"2024-02-16T19:31:33","modified_gmt":"2024-02-17T03:31:33","slug":"clinic","status":"publish","type":"page","link":"https:\/\/energylifesciences.com\/es\/clinic\/","title":{"rendered":"TRATAMIENTOS + SOLUCIONES DE SALUD"},"content":{"rendered":"<p><\/p>\n<p>[vc_row full_width=&#8221;stretch_row&#8221; css=&#8221;.vc_custom_1687539762340{background-image: url(https:\/\/energylifesciences.com\/wp-content\/uploads\/2016\/06\/clinic-2.jpg?id=398) !important;background-position: center !important;background-repeat: no-repeat !important;background-size: cover !important;}&#8221; el_class=&#8221;banner overlay bg-top light&#8221;][vc_column][vc_column_text]<\/p>\n<h1 style=\"text-align: center;\"><span style=\"color: #ffffff;\">WELCOME TO THE ENERGY LIFE SCIENCES CLINIC<\/span><\/h1>\n<h2 style=\"text-align: center;\"><span style=\"color: #ffffff;\">ACHIEVE YOUR OPTIMAL HEALTH<\/span><\/h2>\n<p>[\/vc_column_text][\/vc_column][\/vc_row][vc_row][vc_column][vc_single_image image=&#8221;356167&#8243; img_size=&#8221;104 x 104&#8243; alignment=&#8221;center&#8221; css=&#8221;.vc_custom_1687540045505{margin-top: 20px !important;margin-bottom: 48px !important;}&#8221;][vc_column_text css=&#8221;.vc_custom_1687540523235{margin-bottom: 60px !important;}&#8221;]<\/p>\n<h3 style=\"text-align: center;\">El Energy Life Sciences Institute\u00ae ofrece una Metodolog\u00eda \u00fanica para ayudar a prevenir, mantener y sostener una mente, cuerpo y esp\u00edritu bien equilibrados para una mayor salud, satisfacci\u00f3n y felicidad.<\/h3>\n<p>[\/vc_column_text][vc_row_inner][vc_column_inner offset=&#8221;vc_col-lg-offset-1 vc_col-lg-10 vc_col-md-offset-1 vc_col-md-10&#8243;][vc_column_text]<\/p>\n<p style=\"text-align: center;\">Nuestra metodolog\u00eda terap\u00e9utica es para ayudarlo a sanar fisiol\u00f3gicamente mediante la renovaci\u00f3n de la mente y el cuerpo y al aumentar la energ\u00eda interna que se transmite a trav\u00e9s de todas las facetas de su vida y en todos los niveles de salud: personal, profesional y en las relaciones.<\/p>\n<p style=\"text-align: center;\">Sus problemas de salud son evaluados por el Dr. Miles Reid, que se especializa en tres \u00e1reas de la salud: oriental, occidental y cham\u00e1nica. Luego, se personaliza un plan de tratamiento seg\u00fan sus necesidades de curaci\u00f3n, alivio del dolor, energ\u00eda y mayor conciencia. Le ofrecemos apoyo continuo con tratamientos en vivo, clases en l\u00ednea, retiros en el sitio y consultas en l\u00ednea.<\/p>\n<p style=\"text-align: center;\">El Dr. Reid tambi\u00e9n viaja por todo el mundo ofreciendo cl\u00ednicas de tratamiento y conferencias, y da seguimiento a sus pacientes internacionales a trav\u00e9s de sesiones privadas en l\u00ednea, tratamientos y entrenamiento personal.<\/p>\n<p style=\"text-align: center;\">Hoy en d\u00eda, no solo quiere salir adelante, quiere apoyo continuo para su salud, energ\u00eda y vitalidad a largo plazo. El Energy Life Sciences Institute ofrece soluciones integradoras de salud y bienestar basadas en los \u00faltimos hallazgos cient\u00edficos y metodolog\u00edas probadas. Eliminamos la informaci\u00f3n compleja y contradictoria que existe para brindarle un plan claro paso a paso para aumentar su energ\u00eda y sentirse lo mejor posible.<\/p>\n<p style=\"text-align: center;\">Utilizando la Metodolog\u00eda ELSI, creamos un plan de Soluciones de Salud personalizado para usted que incorpora medicina alternativa y complementaria, movimiento y educaci\u00f3n. Su plan puede incluir acupuntura, f\u00f3rmulas herbales, medicina funcional, pases de energ\u00eda y clases de movimiento, programas de desintoxicaci\u00f3n, terapia de trabajo corporal o sanaci\u00f3n cham\u00e1nica.<\/p>\n<p>[\/vc_column_text][vc_column_text css=&#8221;.vc_custom_1687540603814{margin-top: 70px !important;margin-bottom: 70px !important;}&#8221;]<\/p>\n<h3 style=\"text-align: center;\">JUNTO CON TU PLAN DE TRATAMIENTO, SER\u00c1S INTRODUCIDO A LOS PRINCIPIOS CHAM\u00c1NICOS PARA CREAR CONDUCTAS POSITIVAS QUE AUMENTAN TU VITALIDAD Y ENERG\u00cdA.<\/h3>\n<p>[\/vc_column_text][vc_column_text css=&#8221;.vc_custom_1687540669130{margin-top: 30px !important;margin-bottom: 30px !important;}&#8221;]<\/p>\n<p style=\"text-align: center;\">En particular, aprender\u00e1s:<\/p>\n<ul>\n<li>Ejercicios especializados llamados pases de energ\u00eda, puntos de acupresi\u00f3n y t\u00e9cnicas de respiraci\u00f3n que son f\u00e1ciles de usar<\/li>\n<li>Consejos de nutrici\u00f3n e informaci\u00f3n sobre c\u00f3mo sus pensamientos y emociones afectan su cuerpo<\/li>\n<li>T\u00e9cnicas de recapitulaci\u00f3n para una mayor autoconciencia, sanaci\u00f3n emocional y silencio interior.<\/li>\n<\/ul>\n<p>[\/vc_column_text][\/vc_column_inner][\/vc_row_inner][\/vc_column][\/vc_row][vc_row full_width=&#8221;stretch_row&#8221; css=&#8221;.vc_custom_1468960264687{margin-top: 80px !important;margin-bottom: 80px !important;background-image: url(https:\/\/energylifesciences.com\/wp-content\/uploads\/2016\/06\/clinic-2-dark.jpg?id=16395) !important;background-position: center !important;background-repeat: no-repeat !important;background-size: cover !important;}&#8221; el_class=&#8221;content-bg dark&#8221;][vc_column][vc_empty_space height=&#8221;40px&#8221;][vc_column_text]<\/p>\n<h2 style=\"text-align: center;\">TU SOLUCI\u00d3N PARA REVERTIR EL DOLOR Y LA ENFERMEDAD<\/h2>\n<h2 style=\"text-align: center;\">4 PASOS A LA SALUD TOTAL<\/h2>\n<p>[\/vc_column_text][\/vc_column][\/vc_row][vc_row][vc_column offset=&#8221;vc_col-lg-offset-1 vc_col-lg-10 vc_col-md-offset-1 vc_col-md-10&#8243;][vc_column_text css=&#8221;.vc_custom_1687540804993{margin-bottom: 40px !important;}&#8221;]<\/p>\n<h3 style=\"text-align: center; max-width: 800px;\">Trabajamos con usted y controlamos su salud paso a paso para garantizar una rehabilitaci\u00f3n completa y un estilo de vida saludable y satisfactorio sostenido.<\/h3>\n<h4 style=\"text-align: center;\">PASO 1.<\/h4>\n<p style=\"text-align: center;\">Consulta inicial. Su consulta inicial se lleva a cabo en The Energy Life Sciences Institute con el Dr. Miles Reid, donde repasaremos sus objetivos de salud \u00f3ptimos deseados y recibir\u00e1 una explicaci\u00f3n detallada de su protocolo ELSI Health Solutions. La consulta incluye la programaci\u00f3n de pruebas de diagn\u00f3stico seg\u00fan sea necesario y cuestionarios detallados sobre c\u00f3mo gasta su energ\u00eda. Tambi\u00e9n recibir\u00e1 un conjunto de pautas para las cosas que puede comenzar a implementar de inmediato desde su hogar.<\/p>\n<h4 style=\"text-align: center;\">PASO 2.<\/h4>\n<p style=\"text-align: center;\">Consultas de seguimiento. En las consultas de seguimiento, usted y el Dr. Reid discutir\u00e1n los resultados de sus pruebas y su plan ELSI Health Solution se personalizar\u00e1 para lograr sus objetivos de salud y energ\u00eda. Como parte de su programa detallado, programaremos citas (seg\u00fan lo prescrito) con nuestros especialistas en acupuntura, nutrici\u00f3n y movimiento del Energy Life Sciences Institute.<\/p>\n<h4 style=\"text-align: center;\">PASO 3.<\/h4>\n<p style=\"text-align: center;\">Tratos. Los tratamientos prescritos y las instrucciones para el uso del producto se le brindan durante cada sesi\u00f3n por parte de nuestros profesionales del Energy Life Sciences Institute.<\/p>\n<h4 style=\"text-align: center;\">PASO 4.<\/h4>\n<p style=\"text-align: center;\">Programa de Mantenimiento de la Salud. Para mantener su salud y vitalidad \u00f3ptimas, su plan personalizado ELSI Health Solutions se ajustar\u00e1 seg\u00fan corresponda con cada consulta de seguimiento. Esta es su clave para el rejuvenecimiento y el mantenimiento de una salud y energ\u00eda \u00f3ptimas.<\/p>\n<p>[\/vc_column_text][\/vc_column][\/vc_row][vc_row full_width=&#8221;stretch_row&#8221; css=&#8221;.vc_custom_1467315563186{background-image: url(https:\/\/energylifesciences.com\/wp-content\/uploads\/2016\/06\/clinic-1-dark.jpg?id=16394) !important;background-position: center !important;background-repeat: no-repeat !important;background-size: cover !important;}&#8221; el_class=&#8221;content-bg dark&#8221;][vc_column][vc_column_text]<\/p>\n<h2 style=\"text-align: center;\">SU PLAN ELSI DE REVERSI\u00d3N DEL DOLOR Y LA ENFERMEDAD DE 6 SEMANAS<\/h2>\n<p>[\/vc_column_text][\/vc_column][\/vc_row][vc_row][vc_column offset=&#8221;vc_col-lg-offset-1 vc_col-lg-10 vc_col-md-offset-1 vc_col-md-10&#8243;][vc_column_text]<\/p>\n<h3 style=\"text-align: center;\">A continuaci\u00f3n se muestra un resumen de ejemplo de lo que puede esperar con su plan ELSI de reversi\u00f3n del dolor y la enfermedad.<\/h3>\n<h4 style=\"font-weight: 600; margin-top: 30px; text-align: center;\">Consulta<\/h4>\n<ul>\n<li>Consulta en persona con el Dr. Miles Reid en el Energy Life Sciences Institute<\/li>\n<li>Evaluaciones integrales de su salud y energ\u00eda<\/li>\n<li>Evaluaci\u00f3n integral del cuerpo f\u00edsico<\/li>\n<li>Varias pruebas f\u00edsicas prescritas o recomendadas (seg\u00fan sea necesario)<\/li>\n<\/ul>\n<h4 style=\"font-weight: 600; margin-top: 30px; text-align: center;\">Evaluaci\u00f3n de mente\/cuerpo\/estilo de vida<\/h4>\n<ul>\n<li>Evaluaci\u00f3n integral del estilo de vida y la conciencia corporal<\/li>\n<li>Cuestionarios de autoevaluaci\u00f3n de mente\/cuerpo\/emociones\/esp\u00edritu<\/li>\n<li>Consulta en persona para determinar c\u00f3mo su estilo de vida se alinea con una vida saludable<\/li>\n<\/ul>\n<h4 style=\"font-weight: 600; margin-top: 30px; text-align: center;\">Tratamientos de Acupuntura<\/h4>\n<ul>\n<li>El n\u00famero de tratamientos se determinar\u00e1 durante su consulta en funci\u00f3n de sus necesidades.<\/li>\n<\/ul>\n<h4 style=\"font-weight: 600; margin-top: 30px; text-align: center;\">Coaching de Nutrici\u00f3n<\/h4>\n<ul>\n<li>Asesoramiento nutricional uno a uno<\/li>\n<li>Plan de alimentaci\u00f3n personalizado adaptado a tus necesidades y preferencias.<\/li>\n<\/ul>\n<h4 style=\"font-weight: 600; margin-top: 30px; text-align: center;\">Entrenamiento de Energ\u00eda y Movimiento<\/h4>\n<ul>\n<li>Pases de energ\u00eda, conciencia cinest\u00e9sica y movimiento adaptado a sus necesidades \u00fanicas.<\/li>\n<\/ul>\n<h4 style=\"font-weight: 600; margin-top: 30px; text-align: center;\"><span style=\"line-height: 1.5;\">Coaching Mente\/Cuerpo<\/span><\/h4>\n<ul>\n<li>Terapias individuales de mente y cuerpo, incluidas im\u00e1genes guiadas y recapitulaci\u00f3n<\/li>\n<li>Herramientas personalizadas de apoyo para la modificaci\u00f3n del comportamiento en el hogar<\/li>\n<\/ul>\n<h4 style=\"font-weight: 600; margin-top: 30px; text-align: center;\">Terapia de ejercicios y masajes<\/h4>\n<ul>\n<li>Terapia de ejercicio<\/li>\n<li>Terapia de masaje<\/li>\n<\/ul>\n<p>[\/vc_column_text][\/vc_column][\/vc_row][vc_row][vc_column][vc_column_text el_class=&#8221;footer-banner&#8221;]<\/p>\n<h3 style=\"text-align: center;\"><a href=\"https:\/\/energylifesciences.com\/treatments\/#diseasereversal\" target=\"_blank\" rel=\"noopener\">Adquiere el Plan completo de 6 semanas para la Reversi\u00f3n del Dolor y la Enfermedad<\/a><\/h3>\n<h4 style=\"text-align: center;\">\u00a1Conoce a nuestro personal para un programa con tratamientos adaptados a tus necesidades de atenci\u00f3n m\u00e9dica!<\/h4>\n<p style=\"text-align: center;\"><a class=\"consultation-form-link vc_general vc_btn3 vc_btn3-size-md vc_btn3-shape-rounded vc_btn3-style-flat vc_btn3-color-grey\">Programar una Consulta<\/a><\/p>\n<p>[\/vc_column_text][\/vc_column][\/vc_row][vc_row][vc_column][\/vc_column][\/vc_row]<\/p>\n<p><\/p>","protected":false},"excerpt":{"rendered":"<p>[vc_row full_width=&#8221;stretch_row&#8221; css=&#8221;.vc_custom_1687539762340{background-image: url(https:\/\/energylifesciences.com\/wp-content\/uploads\/2016\/06\/clinic-2.jpg?id=398) !important;background-position: center !important;background-repeat: no-repeat !important;background-size: cover !important;}&#8221; el_class=&#8221;banner overlay bg-top light&#8221;][vc_column][vc_column_text] WELCOME TO THE ENERGY LIFE SCIENCES CLINIC ACHIEVE YOUR OPTIMAL HEALTH [\/vc_column_text][\/vc_column][\/vc_row][vc_row][vc_column][vc_single_image image=&#8221;356167&#8243; img_size=&#8221;104 x 104&#8243; alignment=&#8221;center&#8221; css=&#8221;.vc_custom_1687540045505{margin-top: 20px !important;margin-bottom: 48px !important;}&#8221;][vc_column_text css=&#8221;.vc_custom_1687540523235{margin-bottom: 60px !important;}&#8221;] El Energy Life Sciences Institute\u00ae ofrece una Metodolog\u00eda \u00fanica para ayudar a prevenir, mantener y<a class=\"excerpt-read-more\" href=\"https:\/\/energylifesciences.com\/es\/clinic\/\" title=\"ReadTRATAMIENTOS + SOLUCIONES DE SALUD\">&#8230; Read more &raquo;<\/a><\/p>\n","protected":false},"author":4,"featured_media":0,"parent":0,"menu_order":0,"comment_status":"closed","ping_status":"closed","template":"template-full-width.php","meta":{"footnotes":""},"categories":[],"tags":[],"class_list":["post-24","page","type-page","status-publish","hentry"],"_links":{"self":[{"href":"https:\/\/energylifesciences.com\/es\/wp-json\/wp\/v2\/pages\/24","targetHints":{"allow":["GET"]}}],"collection":[{"href":"https:\/\/energylifesciences.com\/es\/wp-json\/wp\/v2\/pages"}],"about":[{"href":"https:\/\/energylifesciences.com\/es\/wp-json\/wp\/v2\/types\/page"}],"author":[{"embeddable":true,"href":"https:\/\/energylifesciences.com\/es\/wp-json\/wp\/v2\/users\/4"}],"replies":[{"embeddable":true,"href":"https:\/\/energylifesciences.com\/es\/wp-json\/wp\/v2\/comments?post=24"}],"version-history":[{"count":0,"href":"https:\/\/energylifesciences.com\/es\/wp-json\/wp\/v2\/pages\/24\/revisions"}],"wp:attachment":[{"href":"https:\/\/energylifesciences.com\/es\/wp-json\/wp\/v2\/media?parent=24"}],"wp:term":[{"taxonomy":"category","embeddable":true,"href":"https:\/\/energylifesciences.com\/es\/wp-json\/wp\/v2\/categories?post=24"},{"taxonomy":"post_tag","embeddable":true,"href":"https:\/\/energylifesciences.com\/es\/wp-json\/wp\/v2\/tags?post=24"}],"curies":[{"name":"wp","href":"https:\/\/api.w.org\/{rel}","templated":true}]}}