{"id":357174,"date":"2023-03-09T23:18:58","date_gmt":"2023-03-10T07:18:58","guid":{"rendered":"https:\/\/energylifesciences.com\/?page_id=357174"},"modified":"2023-05-06T13:30:17","modified_gmt":"2023-05-06T20:30:17","slug":"liguria-2023-italiano","status":"publish","type":"page","link":"https:\/\/energylifesciences.com\/es\/liguria-2023-italiano\/","title":{"rendered":"Liguria 2023 Italiano"},"content":{"rendered":"<p class=\"qtranxs-available-languages-message qtranxs-available-languages-message-es\">Disculpa, pero esta entrada est\u00e1 disponible s\u00f3lo en <a href=\"https:\/\/energylifesciences.com\/en\/wp-json\/wp\/v2\/pages\/357174\" class=\"qtranxs-available-language-link qtranxs-available-language-link-en\" title=\"English\">English<\/a>.<\/p><p>[vc_row][vc_column offset=&#8221;vc_col-lg-offset-1 vc_col-lg-10&#8243;][vc_empty_space height=&#8221;120px&#8221;][vc_custom_heading text=&#8221;Seminario in Sestri Levante, 20-21 maggio<br \/>\n\u201cConsapevolezza Attraverso l&#8217;Armonia\u201d&#8221; font_container=&#8221;tag:h1|font_size:3rem|text_align:center&#8221; google_fonts=&#8221;font_family:Open%20Sans%3A300%2C300italic%2Cregular%2Citalic%2C600%2C600italic%2C700%2C700italic%2C800%2C800italic|font_style:300%20light%20regular%3A300%3Anormal&#8221;][vc_empty_space height=&#8221;52px&#8221;][vc_single_image image=&#8221;351061&#8243; img_size=&#8221;full&#8221; alignment=&#8221;center&#8221;][vc_column_text]<\/p>\n<h3 style=\"text-align: center;\">Il prossimo maggio in Europa con il <a href=\"https:\/\/energylifesciences.com\/dr-reid\/?_kx=\">Dr. Miles Reid!<\/a><\/h3>\n<p>[\/vc_column_text][vc_column_text]<\/p>\n<h4 style=\"text-align: center;\">Un&#8217;esplorazione del Maschile e del Femminile, in una Nuova Era per le Relazioni<\/h4>\n<h5 style=\"text-align: center;\">Sestri Levante, Italia 20-21 maggio<\/h5>\n<h5 style=\"text-align: center;\">Hotel Grande Albergo<\/h5>\n<h5 style=\"text-align: center;\">Trattamenti 18-19 &amp; 22-23 maggio<\/h5>\n<h4 style=\"text-align: center;\">Sperimenta uno spazio dentro di te oltre le divisioni,<br \/>\ncompleto, silenzioso<\/h4>\n<h4 style=\"text-align: center;\"><span style=\"color: #ff9900;\"><strong>Descrizione<\/strong><\/span><\/h4>\n<p>C&#8217;\u00e8 un antico concetto cinese secondo cui quando lo Yang \u00e8 al massimo c&#8217;\u00e8 gi\u00e0 l&#8217;inizio di un seme di Yin. Nel mondo del 2023, oggi, mentre divisione e dis-integrazione abbondano, possiamo altres\u00ec cogliere uno sguardo dell&#8217;inizio di una nuova comprensione come veicoli per l&#8217;avanzamento della coscienza umana. E con questo, la possibilit\u00e0 di una nuova fisiologia nei nostri corpi.<\/p>\n<p>Avo &#8211; La polarit\u00e0 maschile e femminile dentro di noi \u00e8 la divisione essenziale che esiste nella nostra esperienza di essere completi. I matematici arabi del nono secolo formularono l&#8217;idea delle frazioni, ed usarono la parola &#8220;avo&#8221; per riferirsi alla divisione. Nel formulare quest&#8217;idea, notarono che una volta che un intero viene diviso, pu\u00f2 continuare a suddividersi all&#8217;infinito [numeri irrazionali], proprio come la percezione delle differenze tra maschile e femminile pu\u00f2 continuare a suddividersi all&#8217;infinito,<\/p>\n<p>Ma\u00a0ci sar\u00e0 sempre, all&#8217;infinito, uno spazio tra le frazioni. Avo rappresenta quello spazio unificante, avo \u00e8, quindi, l&#8217;infinito. Per uno sciamano, l&#8217;infinito \u00e8 la libert\u00e0, agognata ma non raggiungibile.<\/p>\n<p>Il mio maestro Carlos Castaneda si focalizz\u00f2 su una proposizione che chiam\u00f2 Consapevolezza Attraverso l&#8217;Armonia. Armonia fra i generi, l&#8217;ideale di una nuova forma di relazione tra uomini e donne, tra il femminile e il maschile. Dentro di noi, e con il genere opposto. Da questo stato del s\u00e9, tutti i nostri altri sforzi nel cambiamento del mondo.<\/p>\n<p>Necessitiamo di questo nuovo costrutto, \u00e8 il nostro prossimo passo nell&#8217;evoluzione. Abbiamo bisogno di questa nuova qualit\u00e0 proprio adesso, di questa nuova affermazione, e di viverla nelle nostre vite quotidiane.<\/p>\n<ul>\n<li>Pratica Movimenti per Riorganizzare l&#8217;Energia e la Vitalit\u00e0 del tuo corpo, chiamati passi di energia<\/li>\n<li>Entra in Accresciuti Stati di Consapevolezza<\/li>\n<li>Impara come usare l&#8217;Energia per prendere Decisioni<\/li>\n<li>Visualizza una nuova chimica nel tuo corpo<\/li>\n<li>Sperimenta la voce dei tuoi Organi Interni<\/li>\n<\/ul>\n<h4><\/h4>\n<h4 style=\"text-align: center;\"><span style=\"color: #ff9900;\">Sperimenta <strong><a style=\"color: #ff9900;\" href=\"https:\/\/energylifesciences.com\/liguria-2023-pratica-gratuita\/\" target=\"_blank\" rel=\"noopener\">qui<\/a><\/strong> una pratica di 30&#8242;<\/span><\/h4>\n<p>Gli sciamani dell&#8217;antico Messico ritenevano che ciascuno di noi sia in possesso di una certa quantit\u00e0 di energia che ci permette di vivere le nostre vite. Questa quantit\u00e0 di energia ci \u00e8 sufficiente a reinventare noi stessi, per raggiungere il silenzio interiore e intravedere l&#8217;Infinito.<\/p>\n<p>In Consapevolezza Attraverso l&#8217;Armonia, l&#8217;invito che abbiamo esteso \u00e8 un ideale: usare questa riserva di energia per raggiungere un livello di armonia cos\u00ec completa che nessuno di noi avrebbe parole per spiegarlo o descriverlo. Nell&#8217;ottica di allinearci con questo nuovo sentimento dentro di noi, che \u00e8 nello stesso ordine di cose con il genere opposto al nostro, abbiamo bisogno di raggiungere un livello di profonda amenit\u00e0 e affinit\u00e0 fra queste due polarit\u00e0 nel nostro mondo interiore. Poi, possiamo portare quest&#8217;armonia fuori, nelle nostre relazioni con il mondo esterno.<\/p>\n<p>Come entriamo in un livello di consapevolezza per divenire un uomo e una donna senza alcun desiderio di stabilire un qualsivoglia scenario precostituito di inferiorit\u00e0 o superiorit\u00e0? La ricompensa \u00e8 un sentimento di abbandono e libert\u00e0; cambia il nostro processo decisionale. E il processo decisionale \u00e8 la qualit\u00e0 critica di cui abbiamo bisogno per il nostro mondo.<\/p>\n<p>Il seminario include una SPECIALE SESSIONE SERALE per Viaggiare nel Mare della Consapevolezza, con ospite speciale la maestra Elisa Bava, che guider\u00e0 i partecipanti**, tramite un uso non lineare delle corde vocali, per spostare il punto d&#8217;assemblaggio, in modo da favorire un profondo stato di silenzio, ideale per tale viaggio.<\/p>\n<p>In questo stato, si pu\u00f2 anche raggiungere lo spazio unificato, lo spazio fra le polarit\u00e0 maschile-femminile, il luogo dell&#8217; Avo, o infinito.<\/p>\n<p style=\"text-align: right;\">**Dal vivo oppure on-line<\/p>\n<p>[\/vc_column_text][\/vc_column][\/vc_row][vc_row][vc_column offset=&#8221;vc_col-lg-offset-1 vc_col-lg-10 vc_col-md-offset-1 vc_col-md-10&#8243;][vc_column_text]<\/p>\n<h4 style=\"text-align: center;\"><span style=\"color: #ff9900;\"><strong>Accompagna il seminario con un set di trattamenti per massimizzare impatto e risultati!<\/strong><\/span><\/h4>\n<p>Durante i trattamenti ottieni:<\/p>\n<ul>\n<li>Un Addestramento Personale sulla Via del Guerriero<\/li>\n<li>Un Massaggio Corporeo Tuina Personale\u00a0&amp; Agopuntura<\/li>\n<li>Una Prescrizione Personale\u00a0Nutrizionistica ed Erboristica<\/li>\n<li>Una Prescrizione Personale\u00a0di Passi di Energia<\/li>\n<\/ul>\n<p>[\/vc_column_text][\/vc_column][\/vc_row][vc_row][vc_column offset=&#8221;vc_col-lg-offset-1 vc_col-lg-10 vc_col-md-offset-1 vc_col-md-10&#8243;][vc_column_text]<\/p>\n<h4 style=\"text-align: center;\"><span style=\"color: #ff9900;\"><strong>Programma<\/strong><\/span><\/h4>\n<p><em>Venerd\u00ec 19 maggio<\/em><\/p>\n<p>dalle ore 10:00 alle 19:00 Trattamenti Individuali<\/p>\n<p><em>Sabato 20 maggio<\/em><\/p>\n<p>dalle ore 10:00 alle 13:00 Sessione Mattutina Seminario<br \/>\ndalle ore 13:00 alle 15:00 Pranzo<br \/>\ndalle ore 15:00 alle 18:00 Sessione Pomeridiana Seminario<br \/>\ndalle ore 18:00 alle 19:00 Spuntino<br \/>\ndalle ore 19:00 alle 21:00 Sessione Serale Seminario<br \/>\nore 21:00 Cena<\/p>\n<p><em>Domenica 21 maggio<\/em><\/p>\n<p>dalle ore 10:00 alle 13:00 Sessione Mattutina Seminario<br \/>\nore 13:00 Pranzo<br \/>\ndalle ore 15:00 alle 19:30 Trattamenti Individuali<\/p>\n<p><em>Luned\u00ec 22 maggio<\/em><\/p>\n<p>dalle ore 10:00 alle 19:00 Trattamenti Individuali<\/p>\n<p><em>Marted\u00ec 23 maggio<\/em><\/p>\n<p>dalle ore 10:00 alle 13:00 Trattamenti Individuali[\/vc_column_text][\/vc_column][\/vc_row][vc_row][vc_column offset=&#8221;vc_col-lg-offset-1 vc_col-lg-10 vc_col-md-offset-1 vc_col-md-10&#8243;][vc_column_text]<br \/>\n<a id=\"boxworkshop\"><\/a><\/p>\n<h4 style=\"text-align: center;\"><strong><span style=\"color: #ff9900;\">Registrazione e Contatti<\/span><\/strong><\/h4>\n<p style=\"text-align: center;\">ITALY ph +39 346 088 2114 <a href=\"mailto:pierpab@me.com\">pierpab@me.com<\/a> Pier Paolo Brescia<br \/>\nph +39 350 063 7286 <a href=\"mailto:manuel.pagani@icloud.com\">manuel.pagani@icloud.com<\/a> Emanuele Paganini<\/p>\n<p>[\/vc_column_text][vc_column_text][\/vc_column_text][\/vc_column][\/vc_row][vc_row][vc_column width=&#8221;1\/4&#8243; offset=&#8221;vc_col-lg-offset-1 vc_col-lg-10 vc_col-md-offset-1 vc_col-md-10&#8243; css=&#8221;.vc_custom_1676424496985{padding-left: 35% !important;}&#8221;]\r\n        <div class=\"lvca-pricing-table lvca-container\">\r\n\r\n            \r\n        <div\r\n            class=\"lvca-pricing-plan  lvca-sixcol\">\r\n\r\n            <div class=\"lvca-top-header\">\r\n\r\n                \r\n                <h3 class=\"lvca-center\">Consapevolezza Attraverso l'Armonia \u2013 Sestri Levante, Italia<\/h3>\r\n\r\n                \r\n            <\/div>\r\n\r\n            <h4 class=\"lvca-plan-price lvca-plan-header lvca-center\">\r\n\r\n                <span class=\"lvca-text\">\r\n\r\n                    $335\r\n                <\/span>\r\n\r\n            <\/h4>\r\n\r\n            <div class=\"lvca-plan-details\">\r\n\r\n                20-21 Maggio<br \/>\n<strong><big><span style=\"color: #800080;\"><del>$435<\/del> $335 Prezzo speciale per l&#8217;Europa prorogato fino al 30 aprile!<\/span><\/big><\/strong><br \/>\n<em>Fai dei trattamenti individuali e ricevi i loro sconti!<\/em><br \/>\n<div class=\"cc_product_wrapper\"><div id='RuinwfSyG12L' class='cc_product' data-subdomain='energylifesciences' data-sku='liguria-2023-discount' data-quantity='false' data-price='false' data-display='inline' data-client='false'>You've reached the end<\/div><\/div>\r\n            <\/div>\r\n            <!-- .lvca-plan-details -->\r\n\r\n            <div class=\"lvca-purchase\">\r\n\r\n                <a class=\"lvca-button\" href=\"\" title=\"\" target=\"\"><\/a>\r\n            <\/div>\r\n\r\n        <\/div>\r\n        <!-- .lvca-pricing-plan -->\r\n\r\n    \r\n        <\/div>\r\n\r\n        [\/vc_column][\/vc_row][vc_row][vc_column offset=&#8221;vc_col-lg-offset-1 vc_col-lg-10 vc_col-md-offset-1 vc_col-md-10&#8243;][vc_column_text]<em>Quando acquisti questo workshop ti verr\u00e0 chiesto di accedere al tuo account. Se non hai un account con noi, il sistema ti chieder\u00e0 una password. Il nome utente di accesso \u00e8 il tuo indirizzo email. Effettua il login per accedere a tutte le informazioni relative ai prodotti appena acquistati.<\/em>[\/vc_column_text][\/vc_column][\/vc_row][vc_row][vc_column offset=&#8221;vc_col-lg-offset-1 vc_col-lg-10 vc_col-md-offset-1 vc_col-md-10&#8243;][vc_column_text]<\/p>\n<h4 style=\"text-align: center;\"><span style=\"color: #ff9900;\"><strong>Trattamenti in Sestri Levante<\/strong><\/span><\/h4>\n<p><a id=\"boxessestri\"><\/a><br \/>\n[\/vc_column_text]\r\n        <div class=\"lvca-pricing-table lvca-container\">\r\n\r\n            \r\n        <div\r\n            class=\"lvca-pricing-plan  lvca-fourcol\">\r\n\r\n            <div class=\"lvca-top-header\">\r\n\r\n                \r\n                <h3 class=\"lvca-center\">Trattamenti in Sestri Levante con il Dr. Miles Reid \u2013 Da 1 a 2 Trattamenti<\/h3>\r\n\r\n                \r\n            <\/div>\r\n\r\n            <h4 class=\"lvca-plan-price lvca-plan-header lvca-center\">\r\n\r\n                <span class=\"lvca-text\">\r\n\r\n                    $239 USD (225 Euros) <i><small>per trattamento<\/small><\/i>\r\n                <\/span>\r\n\r\n            <\/h4>\r\n\r\n            <div class=\"lvca-plan-details\">\r\n\r\n                Prezzo per 1 o 2 trattamenti (ciascuno)<br \/>\nNel tuo carrello, sotto &#8220;Quantit\u00e0&#8221;, <strong><span style=\"color: #800080;\">assicurati di digitare il numero 2 invece di 1 se vuoi fare 2 trattamenti, e poi su &#8220;Update Cart&#8221;<\/span><\/strong>. Quindi procedi al checkout.<br \/>\n<div class=\"cc_product_wrapper\"><div id='rLkrqUwXab6u' class='cc_product' data-subdomain='energylifesciences' data-sku='treatments-2023-liguria-12' data-quantity='false' data-price='false' data-display='inline' data-client='false'>You've reached the end<\/div><\/div>\r\n            <\/div>\r\n            <!-- .lvca-plan-details -->\r\n\r\n            <div class=\"lvca-purchase\">\r\n\r\n                <a class=\"lvca-button\" href=\"\" title=\"\" target=\"\"><\/a>\r\n            <\/div>\r\n\r\n        <\/div>\r\n        <!-- .lvca-pricing-plan -->\r\n\r\n    \r\n        <div\r\n            class=\"lvca-pricing-plan  lvca-fourcol\">\r\n\r\n            <div class=\"lvca-top-header\">\r\n\r\n                \r\n                <h3 class=\"lvca-center\">Trattamenti in Sestri Levante con il Dr. Miles Reid \u2013 3 Trattamenti<\/h3>\r\n\r\n                \r\n            <\/div>\r\n\r\n            <h4 class=\"lvca-plan-price lvca-plan-header lvca-center\">\r\n\r\n                <span class=\"lvca-text\">\r\n\r\n                    $228 USD (215 Euros) <i><small>per trattamento<\/small><\/i>\r\n                <\/span>\r\n\r\n            <\/h4>\r\n\r\n            <div class=\"lvca-plan-details\">\r\n\r\n                Prezzo scontato per 3 trattamenti = $684 USD.<br \/>\n<strong><span style=\"color: #800080;\">Risparmia $33 USD!<\/span><\/strong><br \/>\n<div class=\"cc_product_wrapper\"><div id='6cswsBAxsat3' class='cc_product' data-subdomain='energylifesciences' data-sku='treatments-2023-liguria-3' data-quantity='false' data-price='false' data-display='inline' data-client='false'>You've reached the end<\/div><\/div>\r\n            <\/div>\r\n            <!-- .lvca-plan-details -->\r\n\r\n            <div class=\"lvca-purchase\">\r\n\r\n                <a class=\"lvca-button\" href=\"\" title=\"\" target=\"\"><\/a>\r\n            <\/div>\r\n\r\n        <\/div>\r\n        <!-- .lvca-pricing-plan -->\r\n\r\n    \r\n        <div\r\n            class=\"lvca-pricing-plan  lvca-fourcol\">\r\n\r\n            <div class=\"lvca-top-header\">\r\n\r\n                \r\n                <h3 class=\"lvca-center\">Trattamenti in Sestri Levante con il Dr. Miles Reid \u2013 4 Trattamenti<\/h3>\r\n\r\n                \r\n            <\/div>\r\n\r\n            <h4 class=\"lvca-plan-price lvca-plan-header lvca-center\">\r\n\r\n                <span class=\"lvca-text\">\r\n\r\n                    $218 USD (205 Euros) <i><small>per trattamento<\/small><\/i>\r\n                <\/span>\r\n\r\n            <\/h4>\r\n\r\n            <div class=\"lvca-plan-details\">\r\n\r\n                Prezzo scontato per 4 trattamenti = $872 USD.<br \/>\n<strong><span style=\"color: #800080;\">Risparmia $84 USD!<\/span><\/strong><br \/>\n<div class=\"cc_product_wrapper\"><div id='3XADwzt5o05a' class='cc_product' data-subdomain='energylifesciences' data-sku='treatments-2023-liguria-4' data-quantity='false' data-price='false' data-display='inline' data-client='false'>You've reached the end<\/div><\/div>\r\n            <\/div>\r\n            <!-- .lvca-plan-details -->\r\n\r\n            <div class=\"lvca-purchase\">\r\n\r\n                <a class=\"lvca-button\" href=\"\" title=\"\" target=\"\"><\/a>\r\n            <\/div>\r\n\r\n        <\/div>\r\n        <!-- .lvca-pricing-plan -->\r\n\r\n    \r\n        <\/div>\r\n\r\n        [\/vc_column][\/vc_row]<\/p>","protected":false},"excerpt":{"rendered":"<p>Disculpa, pero esta entrada est\u00e1 disponible s\u00f3lo en English.[vc_row][vc_column offset=&#8221;vc_col-lg-offset-1 vc_col-lg-10&#8243;][vc_empty_space height=&#8221;120px&#8221;][vc_custom_heading text=&#8221;Seminario in Sestri Levante, 20-21 maggio \u201cConsapevolezza Attraverso l&#8217;Armonia\u201d&#8221; font_container=&#8221;tag:h1|font_size:3rem|text_align:center&#8221; google_fonts=&#8221;font_family:Open%20Sans%3A300%2C300italic%2Cregular%2Citalic%2C600%2C600italic%2C700%2C700italic%2C800%2C800italic|font_style:300%20light%20regular%3A300%3Anormal&#8221;][vc_empty_space height=&#8221;52px&#8221;][vc_single_image image=&#8221;351061&#8243; img_size=&#8221;full&#8221; alignment=&#8221;center&#8221;][vc_column_text] Il prossimo maggio in Europa con il Dr. Miles Reid! [\/vc_column_text][vc_column_text] Un&#8217;esplorazione del Maschile e del Femminile, in una Nuova Era per le Relazioni Sestri Levante, Italia 20-21<a class=\"excerpt-read-more\" href=\"https:\/\/energylifesciences.com\/es\/liguria-2023-italiano\/\" title=\"ReadLiguria 2023 Italiano\">&#8230; Read more &raquo;<\/a><\/p>\n","protected":false},"author":11,"featured_media":351061,"parent":0,"menu_order":0,"comment_status":"closed","ping_status":"closed","template":"template-full-width.php","meta":{"footnotes":""},"categories":[],"tags":[],"class_list":["post-357174","page","type-page","status-publish","has-post-thumbnail","hentry"],"_links":{"self":[{"href":"https:\/\/energylifesciences.com\/es\/wp-json\/wp\/v2\/pages\/357174","targetHints":{"allow":["GET"]}}],"collection":[{"href":"https:\/\/energylifesciences.com\/es\/wp-json\/wp\/v2\/pages"}],"about":[{"href":"https:\/\/energylifesciences.com\/es\/wp-json\/wp\/v2\/types\/page"}],"author":[{"embeddable":true,"href":"https:\/\/energylifesciences.com\/es\/wp-json\/wp\/v2\/users\/11"}],"replies":[{"embeddable":true,"href":"https:\/\/energylifesciences.com\/es\/wp-json\/wp\/v2\/comments?post=357174"}],"version-history":[{"count":0,"href":"https:\/\/energylifesciences.com\/es\/wp-json\/wp\/v2\/pages\/357174\/revisions"}],"wp:featuredmedia":[{"embeddable":true,"href":"https:\/\/energylifesciences.com\/es\/wp-json\/wp\/v2\/media\/351061"}],"wp:attachment":[{"href":"https:\/\/energylifesciences.com\/es\/wp-json\/wp\/v2\/media?parent=357174"}],"wp:term":[{"taxonomy":"category","embeddable":true,"href":"https:\/\/energylifesciences.com\/es\/wp-json\/wp\/v2\/categories?post=357174"},{"taxonomy":"post_tag","embeddable":true,"href":"https:\/\/energylifesciences.com\/es\/wp-json\/wp\/v2\/tags?post=357174"}],"curies":[{"name":"wp","href":"https:\/\/api.w.org\/{rel}","templated":true}]}}