{"id":8,"date":"2016-06-14T22:04:00","date_gmt":"2016-06-14T22:04:00","guid":{"rendered":"http:\/\/energylifesciences.com\/?page_id=8"},"modified":"2024-02-19T15:12:08","modified_gmt":"2024-02-19T23:12:08","slug":"home","status":"publish","type":"page","link":"https:\/\/energylifesciences.com\/es\/","title":{"rendered":"Inicio"},"content":{"rendered":"<p>[vc_row full_width=&#8221;stretch_row_content_no_spaces&#8221; el_class=&#8221;banner light&#8221; css=&#8221;.vc_custom_1467684156359{background-position: center !important;background-repeat: no-repeat !important;background-size: cover !important;}&#8221;][vc_column][vc_row_inner][vc_column_inner offset=&#8221;vc_col-lg-offset-3 vc_col-lg-6 vc_col-md-offset-3 vc_col-md-6&#8243;][vc_single_image image=&#8221;140527&#8243; img_size=&#8221;full&#8221; alignment=&#8221;center&#8221;][\/vc_column_inner][\/vc_row_inner][vc_column_text]<\/p>\n<h2 style=\"text-align: center;\">Centro para la Salud Integrativa<\/h2>\n<p>[\/vc_column_text][\/vc_column][\/vc_row][vc_row css=&#8221;.vc_custom_1466048976150{background-position: center !important;background-repeat: no-repeat !important;background-size: contain !important;}&#8221;][vc_column][vc_single_image image=&#8221;352414&#8243; img_size=&#8221;104&#215;104&#8243; alignment=&#8221;center&#8221; css=&#8221;.vc_custom_1676874217696{margin-top: 13px !important;margin-bottom: 26px !important;}&#8221;][vc_column_text css=&#8221;.vc_custom_1687521511321{margin-bottom: 100px !important;}&#8221;]<\/p>\n<h2 style=\"text-align: center;\">ELSI<\/h2>\n<h2 style=\"text-align: center;\">El Energy Life Sciences Institute<\/h2>\n<h3 style=\"text-align: center;\"><span style=\"color: #fbb95a;\">La Sabidur\u00eda Antigua se Encuentra con la Ciencia Moderna<\/span><\/h3>\n<p style=\"text-align: center;\">En el Instituto, ofrecemos soluciones de salud avanzadas para mantenerte en tu forma \u00f3tpima, y ayudarte a desarrollar todo tu potencial.<\/p>\n<p style=\"text-align: center;\">Aplicamos un concepto simple para avanzar en todos tus otros objetivos: \u00bfC\u00f3mo podemos ayudarte a generar m\u00e1s energ\u00eda disponible?<\/p>\n<p style=\"text-align: center;\">Con m\u00e1s energ\u00eda, todos tus objetivos de salud se pueden alcanzar m\u00e1s r\u00e1pido y m\u00e1s f\u00e1cilmente. Pero no solo eso, con m\u00e1s energ\u00eda te sientes m\u00e1s positivo, m\u00e1s resistente, m\u00e1s feliz y m\u00e1s realizado.<\/p>\n<p style=\"text-align: center;\">Lo hacemos de 3 formas:<\/p>\n<ul>\n<li><strong>medicina integrativa<\/strong> acupuntura, ventosas, nutrici\u00f3n, f\u00f3rmulas herbales y programas de detos que te yudan a sanar y promueven tu salud f\u00edsica y mental<\/li>\n<li><strong>movimiento<\/strong> ejercicios y conciencia corporal para incrementar tu energ\u00eda y vitalidad<\/li>\n<li><strong>conciencia<\/strong> clases y cursos donde aprendes a entender qui\u00e9n eres, c\u00f3mo vivir siguiendo a tu coraz\u00f3n y a desarrollar tu conciencia y presencia.<\/li>\n<\/ul>\n<p style=\"text-align: center;\">LSI es un centro para la salud y el aprendizaje. En el Instituto aplicamos esta metodolog\u00eda en conjunto con el uso consciente y h\u00e1bil de modalidades terap\u00e9uticas para atender tu salud f\u00edsica, mental y emocional. Nos enfocamos en la prevenci\u00f3n de enfermedades y lesiones, apoyo al sistema inmunol\u00f3gico, manejo del dolor, infertilidad, equilibrio hormonal, resiliencia f\u00edsica y reversi\u00f3n de enfermedades&#8230; <a href=\"https:\/\/energylifesciences.com\/clinic\/\">Leer m\u00e1s.<\/a><\/p>\n<p>[\/vc_column_text][vc_column_text css=&#8221;.vc_custom_1687523252809{margin-top: 80px !important;}&#8221;]<\/p>\n<h2 style=\"text-align: center;\">Sesiones de Coaching para Sanar<\/h2>\n<h4 style=\"text-align: center;\">En vivo, en l\u00ednea, o por tel\u00e9fono<\/h4>\n<p>[\/vc_column_text][\/vc_column][\/vc_row][vc_row full_width=&#8221;stretch_row&#8221; css=&#8221;.vc_custom_1465941860532{background-color: #f5f4f4 !important;}&#8221;][vc_column offset=&#8221;vc_col-lg-offset-1 vc_col-lg-10 vc_col-md-offset-1 vc_col-md-10&#8243;][vc_row_inner css=&#8221;.vc_custom_1466173699940{margin-bottom: 40px !important;}&#8221; el_class=&#8221;health-solutions&#8221;][vc_column_inner width=&#8221;1\/2&#8243; css=&#8221;.vc_custom_1466050203443{background-color: #f5f4f4 !important;}&#8221;][vc_column_text css=&#8221;.vc_custom_1687521592148{margin-bottom: 0px !important;padding-top: 20px !important;padding-right: 20px !important;padding-bottom: 26px !important;padding-left: 20px !important;background-color: #ffffff !important;}&#8221;]<\/p>\n<h4><span style=\"color: #ff9900;\">Sanaci\u00f3n M\u00e9dica<\/span><\/h4>\n<h4><span style=\"color: #ff9900;\">Psicolog\u00eda Espiritual<\/span><\/h4>\n<h4><span style=\"color: #ff9900;\">Sanaci\u00f3n Cham\u00e1nica &amp;<\/span><\/h4>\n<h4><span style=\"color: #ff9900;\">Medicina Tradicional China<\/span><\/h4>\n<p>[\/vc_column_text][\/vc_column_inner][vc_column_inner width=&#8221;1\/2&#8243; css=&#8221;.vc_custom_1466050209401{background-color: #f5f4f4 !important;}&#8221;][vc_column_text css=&#8221;.vc_custom_1687521784277{margin-bottom: 0px !important;padding-top: 20px !important;padding-right: 20px !important;padding-bottom: 20px !important;padding-left: 20px !important;background-color: #ffffff !important;}&#8221;]<\/p>\n<h6>\u2043 Biolog\u00eda de Sistemas, Interpretaci\u00f3n de Laboratorio y Medicina Funcional<br \/>\n\u2043 Psiconeuroinmunolog\u00eda<br \/>\n\u2043 Acupuntura Tradicional y Acupuntura Cham\u00e1nica<br \/>\n\u2043 Ejercicios de movimientos y redistribuci\u00f3n de energ\u00eda a trav\u00e9s de Pases Energ\u00e9ticos<br \/>\n\u2043 Recetas de medicamentos nutricionales y medicamentos a base de plantas<br \/>\n\u2043 Tuina, trabajo corporal terap\u00e9utico, Ventosas y t\u00e9cnicas de sangrado<br \/>\n\u2043 Desarrollo de la Percepci\u00f3n y la Conciencia<br \/>\n\u2043 Habilidades de Intenci\u00f3n y Trabajo Gu\u00edado con Im\u00e1genes<\/h6>\n<p>[\/vc_column_text][\/vc_column_inner][\/vc_row_inner][\/vc_column][\/vc_row][vc_row css=&#8221;.vc_custom_1466048976150{background-position: center !important;background-repeat: no-repeat !important;background-size: contain !important;}&#8221;][vc_column][vc_column_text css=&#8221;.vc_custom_1687521806797{margin-top: 80px !important;}&#8221;]<\/p>\n<h2 style=\"text-align: center;\">Tratamientos + Soluciones de Salud<\/h2>\n<p>[\/vc_column_text][\/vc_column][\/vc_row][vc_row full_width=&#8221;stretch_row&#8221; css=&#8221;.vc_custom_1465941860532{background-color: #f5f4f4 !important;}&#8221;][vc_column offset=&#8221;vc_col-lg-offset-1 vc_col-lg-10 vc_col-md-offset-1 vc_col-md-10&#8243;][vc_row_inner css=&#8221;.vc_custom_1466173699940{margin-bottom: 40px !important;}&#8221; el_class=&#8221;health-solutions&#8221;][vc_column_inner width=&#8221;1\/4&#8243; css=&#8221;.vc_custom_1466050203443{background-color: #f5f4f4 !important;}&#8221;][vc_single_image image=&#8221;376&#8243; img_size=&#8221;full&#8221; alignment=&#8221;center&#8221; css=&#8221;.vc_custom_1466050788376{margin-bottom: 0px !important;}&#8221;][vc_column_text css=&#8221;.vc_custom_1687521960699{margin-bottom: 0px !important;padding-top: 20px !important;padding-right: 20px !important;padding-left: 20px !important;background-color: #ffffff !important;}&#8221;]<\/p>\n<h5 style=\"text-align: center; margin-bottom: 20px;\"><strong>Acupuntura y Medicina China<\/strong><\/h5>\n<p style=\"margin-bottom: 0;\">La acupuntura estimula el sistema inmunol\u00f3gico, regula las respuestas curativas y libera sustancias bioqu\u00edmicas que eliminan el dolor, como las endorfinas. Se ha demostrado que alivia eficazmente el dolor musculoesquel\u00e9tico y de \u00f3rganos internos.<\/p>\n<p>[\/vc_column_text][vc_btn title=&#8221;Leer M\u00e1s&#8221; style=&#8221;flat&#8221; align=&#8221;center&#8221; el_class=&#8221;solid&#8221; css=&#8221;.vc_custom_1687521989135{padding-top: 45px !important;padding-bottom: 20px !important;background-color: #ffffff !important;}&#8221; link=&#8221;url:%2Ftreatments%2F%23acupuncture|||&#8221;][\/vc_column_inner][vc_column_inner width=&#8221;1\/4&#8243; css=&#8221;.vc_custom_1466050209401{background-color: #f5f4f4 !important;}&#8221;][vc_single_image image=&#8221;15994&#8243; img_size=&#8221;full&#8221; alignment=&#8221;center&#8221; css=&#8221;.vc_custom_1466567983614{margin-bottom: 0px !important;}&#8221;][vc_column_text css=&#8221;.vc_custom_1687522092660{margin-bottom: 0px !important;padding-top: 20px !important;padding-right: 20px !important;padding-left: 20px !important;background-color: #ffffff !important;}&#8221;]<\/p>\n<h5 style=\"text-align: center; margin-bottom: 20px;\"><strong>Desintoxicaci\u00f3n y Medicina Funcional<\/strong><\/h5>\n<p>Nuestro programa integral de desintoxicaci\u00f3n se enfoca en revivir tus \u00f3rganos internos y restaurar tu energ\u00eda utilizando m\u00e9todos cient\u00edficamente validados, que incluyen nutrici\u00f3n dirigida, sauna de infrarrojos, liberaci\u00f3n emocional, y m\u00e1s.[\/vc_column_text][vc_btn title=&#8221;Leer M\u00e1s&#8221; style=&#8221;flat&#8221; align=&#8221;center&#8221; el_class=&#8221;solid&#8221; css=&#8221;.vc_custom_1687521997806{padding-top: 45px !important;padding-bottom: 20px !important;background-color: #ffffff !important;}&#8221; link=&#8221;url:%2Ftreatments%2F%23detoxification|||&#8221;][\/vc_column_inner][vc_column_inner width=&#8221;1\/4&#8243; css=&#8221;.vc_custom_1466050215045{background-color: #f5f4f4 !important;}&#8221;][vc_single_image image=&#8221;15996&#8243; img_size=&#8221;full&#8221; alignment=&#8221;center&#8221; css=&#8221;.vc_custom_1466568010367{margin-bottom: 0px !important;}&#8221;][vc_column_text css=&#8221;.vc_custom_1687522122740{margin-bottom: 0px !important;padding-top: 20px !important;padding-right: 20px !important;padding-left: 20px !important;background-color: #ffffff !important;}&#8221;]<\/p>\n<h5 style=\"text-align: center; margin-bottom: 20px;\">Salud Femenina y Fertilidad<\/h5>\n<p style=\"margin-bottom: 0;\">Nos especializamos en la salud y fertilidad de las mujeres, ayud\u00e1ndote a recuperar tu energ\u00eda a cualquier edad. Tratamos con \u00e9xito SPM, SPMD y problemas de salud menop\u00e1usicos. Tambi\u00e9n ofrecemos alternativas naturales al reemplazo hormonal (TRH).<\/p>\n<p>[\/vc_column_text][vc_btn title=&#8221;Leer M\u00e1s&#8221; style=&#8221;flat&#8221; align=&#8221;center&#8221; el_class=&#8221;solid&#8221; css=&#8221;.vc_custom_1687522003462{padding-top: 45px !important;padding-bottom: 20px !important;background-color: #ffffff !important;}&#8221; link=&#8221;url:%2Ftreatments%2F%23fertility|||&#8221;][\/vc_column_inner][vc_column_inner width=&#8221;1\/4&#8243; css=&#8221;.vc_custom_1466050221232{background-color: #f5f4f4 !important;}&#8221;][vc_single_image image=&#8221;63143&#8243; img_size=&#8221;full&#8221; alignment=&#8221;center&#8221; css=&#8221;.vc_custom_1667412733156{margin-bottom: 0px !important;}&#8221;][vc_column_text css=&#8221;.vc_custom_1687522145091{margin-bottom: 0px !important;padding-top: 20px !important;padding-right: 20px !important;padding-left: 20px !important;background-color: #ffffff !important;}&#8221;]<\/p>\n<h5 style=\"text-align: center; margin-bottom: 20px;\">Alivio del Dolor y Tratamientos de Trabajo Corporal<\/h5>\n<p style=\"margin-bottom: 0;\">Ofrecemos m\u00e9todos para aliviar de manera eficiente el dolor cr\u00f3nico y los desaf\u00edos del movimiento. Incluyen modalidades de trabajo corporal, masaje chino Tui-na, terapia de movimiento, ventosas y hierbas medicinales.<\/p>\n<p>[\/vc_column_text][vc_btn title=&#8221;Leer M\u00e1s&#8221; style=&#8221;flat&#8221; align=&#8221;center&#8221; el_class=&#8221;solid&#8221; css=&#8221;.vc_custom_1687522008150{padding-top: 45px !important;padding-bottom: 20px !important;background-color: #ffffff !important;}&#8221; link=&#8221;url:%2Ftreatments%2F%23bodywork%20|||&#8221;][\/vc_column_inner][\/vc_row_inner][vc_column_text el_class=&#8221;footer-banner&#8221;]<\/p>\n<h3 style=\"text-align: center;\">Visita Nuestro Instituto y Cl\u00ednica de Energy Life Sciences en Los Angeles<\/h3>\n<h4 style=\"text-align: center;\">Conoce a nuestro equipo para obtener progranas y tratamientos a la medida de tus necesidades en el cuidado de la salud.<\/h4>\n<p>[\/vc_column_text][vc_btn title=&#8221;Programar una Consulta&#8221; style=&#8221;flat&#8221; align=&#8221;center&#8221; css=&#8221;.vc_custom_1687522018446{margin-bottom: 80px !important;}&#8221; el_class=&#8221;consultation-form-link&#8221;][\/vc_column][\/vc_row][vc_row][vc_column][vc_row_inner][vc_column_inner offset=&#8221;vc_col-lg-offset-1 vc_col-lg-10 vc_col-md-offset-1 vc_col-md-10&#8243;][vc_column_text css=&#8221;.vc_custom_1687522269595{margin-top: 50px !important;margin-bottom: 50px !important;}&#8221;]<\/p>\n<h3 style=\"text-align: center;\">Medicina Integrativa Avanzada para una Vitalidad Durante toda la Vida<\/h3>\n<h3 style=\"text-align: center;\">Previene. \u00a0 Sana.\u00a0 \u00a0Renueva.<\/h3>\n<p style=\"text-align: center;\">Ofrecemos una variedad de servicios y productos, dise\u00f1ados para transformar energ\u00e9ticamente y mejorar su salud en todos los niveles, mente, cuerpo y esp\u00edritu. Explore la gama completa de nuestras consultas y tratamientos en l\u00ednea y en el sitio, as\u00ed como los programas de desintoxicaci\u00f3n y p\u00e9rdida de peso y m\u00e1s.<\/p>\n<p>[\/vc_column_text][vc_single_image image=&#8221;352414&#8243; img_size=&#8221;104&#215;104&#8243; alignment=&#8221;center&#8221; css=&#8221;.vc_custom_1676874267031{margin-bottom: 40px !important;}&#8221;][vc_separator color=&#8221;custom&#8221; accent_color=&#8221;#cccccc&#8221; css=&#8221;.vc_custom_1466144213841{margin-top: 40px !important;margin-bottom: 50px !important;}&#8221;][\/vc_column_inner][\/vc_row_inner][vc_row_inner el_class=&#8221;upcoming-events&#8221;][vc_column_inner][vc_column_text css=&#8221;.vc_custom_1687522786087{margin-top: 40px !important;margin-bottom: 50px !important;}&#8221;]<\/p>\n<h2 class=\"\" style=\"text-align: center;\">\u00a0Bienestar de Vida en L\u00ednea<\/h2>\n<p>[\/vc_column_text][\/vc_column_inner][\/vc_row_inner][vc_row_inner css=&#8221;.vc_custom_1466144578162{margin-top: 60px !important;}&#8221;][vc_column_inner width=&#8221;1\/3&#8243;][vc_single_image image=&#8221;20437&#8243; img_size=&#8221;full&#8221; alignment=&#8221;center&#8221;][vc_column_text]<\/p>\n<h4 style=\"margin-bottom: 0;\"><span style=\"color: #fbb95a;\"><strong>Consultas Individuales<\/strong><\/span><\/h4>\n<p>El Dr. Miles est\u00e1 ofreciendo consultas individuales, coaching para parejas y medicina especial de cabecera.. <em><a href=\"https:\/\/energylifesciences.com\/treatments\/#consultations\" target=\"_blank\" rel=\"noopener\">Leer M\u00e1s<\/a>&#8230;<\/em>[\/vc_column_text][vc_btn title=&#8221;Programar una Consulta&#8221; style=&#8221;flat&#8221; align=&#8221;center&#8221; el_class=&#8221;solid&#8221; link=&#8221;url:https%3A%2F%2Fenergylifesciences.com%2Fcontact%2F|||&#8221;][\/vc_column_inner][vc_column_inner width=&#8221;1\/3&#8243;][vc_single_image image=&#8221;17323&#8243; img_size=&#8221;full&#8221; alignment=&#8221;center&#8221;][vc_column_text]<\/p>\n<h4 style=\"margin-bottom: 0;\"><span style=\"color: #fbb95a;\"><strong>Webinars de Nutrici\u00f3n<\/strong><\/span><\/h4>\n<p>\u00danase a nuestras bibliotecas de videos sobre nutrici\u00f3n para su cuerpo y energ\u00eda, informaci\u00f3n sobre desintoxicaci\u00f3n, movimientos conscientes y visualizaciones guiadas para energ\u00eda y salud \u00f3ptimas.[\/vc_column_text][vc_btn title=&#8221;Leer M\u00e1s&#8221; style=&#8221;flat&#8221; align=&#8221;center&#8221; el_class=&#8221;solid&#8221; link=&#8221;url:https%3A%2F%2Fenergylifesciences.com%2Fproduct-category%2Fvideos-on-demand%2F||target:%20_blank|&#8221;][\/vc_column_inner][vc_column_inner width=&#8221;1\/3&#8243;][vc_single_image image=&#8221;15730&#8243; img_size=&#8221;full&#8221; alignment=&#8221;center&#8221;][vc_column_text]<\/p>\n<h4 style=\"margin-bottom: 0;\"><span style=\"color: #fbb95a;\"><strong>Programas de Refuerzo de la Inmunidad de Energy Life Sciences<\/strong><\/span><\/h4>\n<p>Nuestro Programa de Refuerzo Inmune de Ciencias de la Vida de Energ\u00eda Individual de 21 d\u00edas es un popular programa integrador de desintoxicaci\u00f3n que le da a su cuerpo un descanso de los alimentos que pueden ser irritantes para su sistema, y ayuda a respaldar y fortalecer su sistema linf\u00e1tico y los \u00f3rganos que eliminan las toxinas de su cuerpo. .[\/vc_column_text][vc_btn title=&#8221;Leer M\u00e1s&#8221; style=&#8221;flat&#8221; align=&#8221;center&#8221; el_class=&#8221;solid&#8221; link=&#8221;url:https%3A%2F%2Fenergylifesciences.com%2Ftreatments%2F%23detox||target:%20_blank|&#8221;][\/vc_column_inner][\/vc_row_inner][vc_separator color=&#8221;custom&#8221; accent_color=&#8221;#cccccc&#8221; css=&#8221;.vc_custom_1466144213841{margin-top: 40px !important;margin-bottom: 50px !important;}&#8221;][\/vc_column][\/vc_row][vc_row full_width=&#8221;stretch_row&#8221; css=&#8221;.vc_custom_1465943263694{background-color: #f5f4f4 !important;}&#8221;][vc_column][vc_column_text css=&#8221;.vc_custom_1687523039173{margin-top: 20px !important;margin-bottom: 60px !important;}&#8221;]<\/p>\n<h2 style=\"text-align: center; font-family: 'Oregano', sans-serif; color: #3e3e3e; font-size: 38px;\">Noticias + Blog<\/h2>\n<p>[\/vc_column_text][vc_basic_grid post_type=&#8221;post&#8221; max_items=&#8221;3&#8243; initial_loading_animation=&#8221;none&#8221; grid_id=&#8221;vc_gid:1687523222894-ae6d54fc-aeec-2&#8243;][\/vc_column][\/vc_row][vc_row][vc_column][vc_row_inner el_class=&#8221;upcoming-events&#8221;][vc_column_inner][vc_column_text css=&#8221;.vc_custom_1687523054413{margin-top: 40px !important;margin-bottom: 50px !important;}&#8221;]<\/p>\n<h2 class=\"\" style=\"text-align: center;\">PR\u00d3XIMOS EVENTOS<\/h2>\n<p>[\/vc_column_text][\/vc_column_inner][\/vc_row_inner][vc_basic_grid post_type=&#8221;event&#8221; max_items=&#8221;3&#8243; initial_loading_animation=&#8221;none&#8221; grid_id=&#8221;vc_gid:1687523222896-588fdf6d-c6e8-8&#8243; exclude=&#8221;19537&#8243;][vc_column_text css=&#8221;.vc_custom_1466138602976{margin-top: 40px !important;margin-bottom: 40px !important;}&#8221;]<\/p>\n<h2 style=\"text-align: center; font-family: 'Oregano', sans-serif; color: #3e3e3e; font-size: 38px;\">Success Stories<\/h2>\n<p>[\/vc_column_text][vc_row_inner css=&#8221;.vc_custom_1466542177932{margin-bottom: 80px !important;}&#8221;][vc_column_inner][vc_column_text]<\/p>\n<h4 style=\"text-align: center;\">\u201c\u00a1Nunca me he sentido m\u00e1s vital y con m\u00e1s energ\u00eda! Se lo debo todo a ustedes.\u201d<\/h4>\n<p style=\"text-align: center;\">\u201cFui al Dr. Reid debido a un dolor cr\u00f3nico en mi hombro derecho, que hab\u00eda empeorado progresivamente en los \u00faltimos dos a\u00f1os. Ning\u00fan otro tratamiento hab\u00eda funcionado y hab\u00eda llegado al punto de que no pod\u00eda levantar mi brazo m\u00e1s all\u00e1 de mi hombro sin un dolor intenso. Despu\u00e9s de s\u00f3lo una sesi\u00f3n con el Dr. Reid, pude mover mi brazo sobre mi cabeza con apenas una punzada. Al final del segundo tratamiento, era como si el dolor nunca hubiera existido. Me sorprendi\u00f3 lo r\u00e1pido que funcionaron los tratamientos. Dos sesiones terminaron dos a\u00f1os de dolor. Realmente fue asombroso. \u201c<\/p>\n<p>&nbsp;<\/p>\n<h4 style=\"font-family: Oregano, serif; text-align: center;\">&#8211; J. M. , Beverly Hills<\/h4>\n<p>[\/vc_column_text][\/vc_column_inner][\/vc_row_inner][\/vc_column][\/vc_row][vc_row][vc_column][vc_column_text css=&#8221;.vc_custom_1687523205283{margin-top: 50px !important;margin-bottom: 80px !important;}&#8221;]<\/p>\n<h3 style=\"text-align: center; color: #fbb95a;\">\u00daNETE A NUESTRA LISTA DE CORREO<\/h3>\n<h4 style=\"text-align: center; max-width: 100%;\">OBT\u00c9N CONSEJOS, NOTICIAS E INFORMACI\u00d3N SOBRE NUESTROS PR\u00d3XIMOS EVENTOS Y TALLERES<\/h4>\n<div class=\"home-newsletter\">\n<form id=\"mc4wp-form-1\" class=\"mc4wp-form mc4wp-form-503\" action=\"https:\/\/energylifesciences.us2.list-manage.com\/subscribe\/post?u=ac8a821ad12ec7feb853f9513&amp;id=6896b0ee58\" method=\"post\" name=\"mc-embedded-subscribe-form\" novalidate=\"\" target=\"_blank\">\n<div class=\"mc4wp-form-fields\"><input id=\"mce-EMAIL\" class=\"required email\" name=\"EMAIL\" type=\"email\" value=\"\" placeholder=\"Email Address\" \/><input class=\"button\" name=\"subscribe\" type=\"submit\" value=\"Registrarme para Noticias\" \/><\/div>\n<\/form>\n<\/div>\n<p>[\/vc_column_text][\/vc_column][\/vc_row]<\/p>","protected":false},"excerpt":{"rendered":"<p>[vc_row full_width=&#8221;stretch_row_content_no_spaces&#8221; el_class=&#8221;banner light&#8221; css=&#8221;.vc_custom_1467684156359{background-position: center !important;background-repeat: no-repeat !important;background-size: cover !important;}&#8221;][vc_column][vc_row_inner][vc_column_inner offset=&#8221;vc_col-lg-offset-3 vc_col-lg-6 vc_col-md-offset-3 vc_col-md-6&#8243;][vc_single_image image=&#8221;140527&#8243; img_size=&#8221;full&#8221; alignment=&#8221;center&#8221;][\/vc_column_inner][\/vc_row_inner][vc_column_text] Centro para la Salud Integrativa [\/vc_column_text][\/vc_column][\/vc_row][vc_row css=&#8221;.vc_custom_1466048976150{background-position: center !important;background-repeat: no-repeat !important;background-size: contain !important;}&#8221;][vc_column][vc_single_image image=&#8221;352414&#8243; img_size=&#8221;104&#215;104&#8243; alignment=&#8221;center&#8221; css=&#8221;.vc_custom_1676874217696{margin-top: 13px !important;margin-bottom: 26px !important;}&#8221;][vc_column_text css=&#8221;.vc_custom_1687521511321{margin-bottom: 100px !important;}&#8221;] ELSI El Energy Life Sciences Institute La Sabidur\u00eda Antigua se Encuentra con la<a class=\"excerpt-read-more\" href=\"https:\/\/energylifesciences.com\/es\/\" title=\"ReadInicio\">&#8230; Read more &raquo;<\/a><\/p>\n","protected":false},"author":4,"featured_media":0,"parent":0,"menu_order":0,"comment_status":"closed","ping_status":"closed","template":"template-full-width.php","meta":{"footnotes":""},"categories":[],"tags":[],"class_list":["post-8","page","type-page","status-publish","hentry"],"_links":{"self":[{"href":"https:\/\/energylifesciences.com\/es\/wp-json\/wp\/v2\/pages\/8","targetHints":{"allow":["GET"]}}],"collection":[{"href":"https:\/\/energylifesciences.com\/es\/wp-json\/wp\/v2\/pages"}],"about":[{"href":"https:\/\/energylifesciences.com\/es\/wp-json\/wp\/v2\/types\/page"}],"author":[{"embeddable":true,"href":"https:\/\/energylifesciences.com\/es\/wp-json\/wp\/v2\/users\/4"}],"replies":[{"embeddable":true,"href":"https:\/\/energylifesciences.com\/es\/wp-json\/wp\/v2\/comments?post=8"}],"version-history":[{"count":0,"href":"https:\/\/energylifesciences.com\/es\/wp-json\/wp\/v2\/pages\/8\/revisions"}],"wp:attachment":[{"href":"https:\/\/energylifesciences.com\/es\/wp-json\/wp\/v2\/media?parent=8"}],"wp:term":[{"taxonomy":"category","embeddable":true,"href":"https:\/\/energylifesciences.com\/es\/wp-json\/wp\/v2\/categories?post=8"},{"taxonomy":"post_tag","embeddable":true,"href":"https:\/\/energylifesciences.com\/es\/wp-json\/wp\/v2\/tags?post=8"}],"curies":[{"name":"wp","href":"https:\/\/api.w.org\/{rel}","templated":true}]}}