{"id":19341,"date":"2017-01-11T15:13:33","date_gmt":"2017-01-11T23:13:33","guid":{"rendered":"http:\/\/energylifesciences.com\/?page_id=19341"},"modified":"2017-09-29T09:15:39","modified_gmt":"2017-09-29T16:15:39","slug":"nutrition-health-2015-class-5-rewire-brain","status":"publish","type":"page","link":"https:\/\/energylifesciences.com\/ru\/nutrition-health-2015-class-5-rewire-brain\/","title":{"rendered":"Nutrition + Health 2015: Class 5 (Rewire your Brain)"},"content":{"rendered":"<p class=\"qtranxs-available-languages-message qtranxs-available-languages-message-ru\">\u0418\u0437\u0432\u0438\u043d\u0438\u0442\u0435, \u044d\u0442\u043e\u0442 \u0442\u0435\u043a\u0441\u0442 \u0434\u043e\u0441\u0442\u0443\u043f\u0435\u043d \u0442\u043e\u043b\u044c\u043a\u043e \u043d\u0430 &ldquo;<a href=\"https:\/\/energylifesciences.com\/en\/wp-json\/wp\/v2\/pages\/19341\" class=\"qtranxs-available-language-link qtranxs-available-language-link-en\" title=\"English\">English<\/a>&rdquo;.<\/p><p>[vc_row][vc_column offset=&#8221;vc_col-lg-offset-1 vc_col-lg-10 vc_col-md-offset-1 vc_col-md-10&#8243;][vc_empty_space height=&#8221;120&#8243;][vc_custom_heading text=&#8221;Feed your Body + Soul Webinar&#8221; font_container=&#8221;tag:h1|font_size:3rem|text_align:center|color:%23000000&#8243; google_fonts=&#8221;font_family:Open%20Sans%3A300%2C300italic%2Cregular%2Citalic%2C600%2C600italic%2C700%2C700italic%2C800%2C800italic|font_style:300%20light%20regular%3A300%3Anormal&#8221; css=&#8221;.vc_custom_1470235492331{margin-bottom: 40px !important;border-top-width: 60px !important;}&#8221;][vc_single_image image=&#8221;492&#8243; alignment=&#8221;center&#8221;][vc_single_image image=&#8221;17320&#8243; img_size=&#8221;full&#8221; alignment=&#8221;center&#8221;][vc_custom_heading text=&#8221;Rewire your Brain and your Mind to be Younger and Happier&#8221; font_container=&#8221;tag:h3|font_size:3rem|text_align:center|color:%23fbb95a&#8221; google_fonts=&#8221;font_family:Open%20Sans%3A300%2C300italic%2Cregular%2Citalic%2C600%2C600italic%2C700%2C700italic%2C800%2C800italic|font_style:300%20light%20regular%3A300%3Anormal&#8221; css=&#8221;.vc_custom_1484176395027{margin-bottom: 40px !important;border-top-width: 60px !important;}&#8221;][vc_column_text]<\/p>\n<h4 style=\"text-align: center;\">Conducted by Dr. Reid<\/h4>\n<p>[\/vc_column_text][vc_column_text]<em>Dear BE Class Participant,<\/em><\/p>\n<p><span style=\"color: #444444;\">Below are the links to the class\u00a0videos and PDF files of the PowerPoint presentations (<em>to save a PDF, right click and &#8220;Save as&#8221; (PC); Ctrl+click and &#8220;Save as&#8221; (Mac)<\/em>). It is a pleasure to guide these classes. Please be aware that the information shared in classes is confidential and these videos are for class participants only. Thank you!<\/span>[\/vc_column_text][\/vc_column][\/vc_row][vc_row][vc_column width=&#8221;1\/6&#8243;][\/vc_column][vc_column width=&#8221;2\/3&#8243;][vc_column_text]<a href=\"https:\/\/energylifesciences.com\/wp-content\/uploads\/2015\/06\/Nut_2015_5_Brain_qwe4.pdf\" target=\"_blank\" rel=\"noopener\">Access to the Class Presentation in PDF<\/a><\/p>\n<p><iframe loading=\"lazy\" src=\"https:\/\/player.vimeo.com\/video\/131437477\" width=\"500\" height=\"293\" frameborder=\"0\" allowfullscreen=\"allowfullscreen\"><\/iframe>[\/vc_column_text][\/vc_column][vc_column width=&#8221;1\/6&#8243;][\/vc_column][\/vc_row][vc_row][vc_column offset=&#8221;vc_col-lg-offset-1 vc_col-lg-10 vc_col-md-offset-1 vc_col-md-10&#8243;][vc_separator][vc_column_text]<em>Queridos Participantes de las Clases de BE:<\/em><\/p>\n<p>Por favor encuentren debajo los v\u00ednculos a los videos de las Clases y a las presentaciones PowerPoint en formato PDF (para guardar un PDF, click derecho y &#8220;Guardar como&#8221; (PC); Ctrl+Click y &#8220;Guardar como&#8221; (Mac)). Es un placer guiar estas clases. Por favor est\u00e9n concientes de que la informaci\u00f3n compartida en clases es confidencial, y de que estos videos son s\u00f3lo para los participantes de la clase. \u00a1Gracias![\/vc_column_text][\/vc_column][\/vc_row][vc_row][vc_column width=&#8221;1\/6&#8243;][\/vc_column][vc_column width=&#8221;2\/3&#8243;][vc_column_text]<a href=\"https:\/\/energylifesciences.com\/wp-content\/uploads\/2015\/07\/Nut_2015_5_Brain_ES_j823.pdf\" target=\"_blank\" rel=\"noopener\">Acceso a la Presentaci\u00f3n de la Clase en PDF<\/a><\/p>\n<p><iframe loading=\"lazy\" src=\"https:\/\/player.vimeo.com\/video\/132348184\" width=\"500\" height=\"294\" frameborder=\"0\" allowfullscreen=\"allowfullscreen\"><\/iframe>[\/vc_column_text][\/vc_column][vc_column width=&#8221;1\/6&#8243;][\/vc_column][\/vc_row][vc_row][vc_column offset=&#8221;vc_col-lg-offset-1 vc_col-lg-10 vc_col-md-offset-1 vc_col-md-10&#8243;][vc_separator][vc_column_text]<em>\u0423\u0432\u0430\u0436\u0430\u0435\u043c\u044b\u0439 \u0443\u0447\u0430\u0441\u0442\u043d\u0438\u043a:<\/em><\/p>\n<p>\u0417\u0434\u0435\u0441\u044c \u0412\u044b \u043c\u043e\u0436\u0435\u0442\u0435 \u043d\u0430\u0439\u0442\u0438 \u0441\u0441\u044b\u043b\u043a\u0438 \u043d\u0430 \u043d\u0430\u0432\u0438\u0434\u0435\u043e \u043a\u043b\u0430\u0441\u0441. \u042d\u0442\u043e \u0443\u0434\u043e\u0432\u043e\u043b\u044c\u0441\u0442\u0432\u0438\u0435 \u0432\u0435\u0441\u0442\u0438 \u0434\u043b\u044f \u0412\u0430\u0441 \u044d\u0442\u0438 \u043a\u043b\u0430\u0441\u0441\u044b. \u0418\u043c\u0435\u0439\u0442\u0435 \u0432 \u0432\u0438\u0434\u0443, \u0447\u0442\u043e \u043e\u0431\u043c\u0435\u043d \u0438\u043d\u0444\u043e\u0440\u043c\u0430\u0446\u0438\u0435\u0439 \u0432 \u043a\u043b\u0430\u0441\u0441\u0430\u0445, \u044f\u0432\u043b\u044f\u0435\u0442\u0441\u044f \u043a\u043e\u043d\u0444\u0438\u0434\u0435\u043d\u0446\u0438\u0430\u043b\u044c\u043d\u043e\u0439 \u0438 \u044d\u0442\u0438 \u0432\u0438\u0434\u0435\u043e \u043f\u0440\u0435\u0434\u043d\u0430\u0437\u043d\u0430\u0447\u0435\u043d\u044b \u0442\u043e\u043b\u044c\u043a\u043e \u0434\u043b\u044f<br \/>\n\u0443\u0447\u0430\u0441\u0442\u043d\u0438\u043a\u043e\u0432 \u043a\u043b\u0430\u0441\u0441\u0430. \u0421\u043f\u0430\u0441\u0438\u0431\u043e![\/vc_column_text][\/vc_column][\/vc_row][vc_row][vc_column width=&#8221;1\/6&#8243;][\/vc_column][vc_column width=&#8221;2\/3&#8243;][vc_column_text]<a href=\"https:\/\/energylifesciences.com\/wp-content\/uploads\/2015\/07\/Nut_2015_5_Brain_RU_364.pdf\" target=\"_blank\" rel=\"noopener\">\u0414\u043e\u0441\u0442\u0443\u043f \u043a \u043a\u043b\u0430\u0441\u0441\u0443 \u041f\u0440\u0435\u0437\u0435\u043d\u0442\u0430\u0446\u0438\u044f \u0432 \u0444\u043e\u0440\u043c\u0430\u0442\u0435 PDF<\/a><\/p>\n<p><iframe loading=\"lazy\" src=\"https:\/\/player.vimeo.com\/video\/134339107\" width=\"500\" height=\"293\" frameborder=\"0\" allowfullscreen=\"allowfullscreen\"><\/iframe>[\/vc_column_text][\/vc_column][vc_column width=&#8221;1\/6&#8243;][\/vc_column][\/vc_row]<\/p>","protected":false},"excerpt":{"rendered":"<p>\u0418\u0437\u0432\u0438\u043d\u0438\u0442\u0435, \u044d\u0442\u043e\u0442 \u0442\u0435\u043a\u0441\u0442 \u0434\u043e\u0441\u0442\u0443\u043f\u0435\u043d \u0442\u043e\u043b\u044c\u043a\u043e \u043d\u0430 &ldquo;English&rdquo;.[vc_row][vc_column offset=&#8221;vc_col-lg-offset-1 vc_col-lg-10 vc_col-md-offset-1 vc_col-md-10&#8243;][vc_empty_space height=&#8221;120&#8243;][vc_custom_heading text=&#8221;Feed your Body + Soul Webinar&#8221; font_container=&#8221;tag:h1|font_size:3rem|text_align:center|color:%23000000&#8243; google_fonts=&#8221;font_family:Open%20Sans%3A300%2C300italic%2Cregular%2Citalic%2C600%2C600italic%2C700%2C700italic%2C800%2C800italic|font_style:300%20light%20regular%3A300%3Anormal&#8221; css=&#8221;.vc_custom_1470235492331{margin-bottom: 40px !important;border-top-width: 60px !important;}&#8221;][vc_single_image image=&#8221;492&#8243; alignment=&#8221;center&#8221;][vc_single_image image=&#8221;17320&#8243; img_size=&#8221;full&#8221; alignment=&#8221;center&#8221;][vc_custom_heading text=&#8221;Rewire your Brain and your Mind to be Younger and Happier&#8221; font_container=&#8221;tag:h3|font_size:3rem|text_align:center|color:%23fbb95a&#8221; google_fonts=&#8221;font_family:Open%20Sans%3A300%2C300italic%2Cregular%2Citalic%2C600%2C600italic%2C700%2C700italic%2C800%2C800italic|font_style:300%20light%20regular%3A300%3Anormal&#8221; css=&#8221;.vc_custom_1484176395027{margin-bottom: 40px !important;border-top-width: 60px !important;}&#8221;][vc_column_text] Conducted by Dr. Reid [\/vc_column_text][vc_column_text]Dear BE Class<a class=\"excerpt-read-more\" href=\"https:\/\/energylifesciences.com\/ru\/nutrition-health-2015-class-5-rewire-brain\/\" title=\"ReadNutrition + Health 2015: Class 5 (Rewire your Brain)\">&#8230; Read more &raquo;<\/a><\/p>\n","protected":false},"author":11,"featured_media":0,"parent":0,"menu_order":0,"comment_status":"closed","ping_status":"closed","template":"template-full-width.php","meta":{"footnotes":""},"categories":[],"tags":[],"class_list":["post-19341","page","type-page","status-publish","hentry"],"_links":{"self":[{"href":"https:\/\/energylifesciences.com\/ru\/wp-json\/wp\/v2\/pages\/19341","targetHints":{"allow":["GET"]}}],"collection":[{"href":"https:\/\/energylifesciences.com\/ru\/wp-json\/wp\/v2\/pages"}],"about":[{"href":"https:\/\/energylifesciences.com\/ru\/wp-json\/wp\/v2\/types\/page"}],"author":[{"embeddable":true,"href":"https:\/\/energylifesciences.com\/ru\/wp-json\/wp\/v2\/users\/11"}],"replies":[{"embeddable":true,"href":"https:\/\/energylifesciences.com\/ru\/wp-json\/wp\/v2\/comments?post=19341"}],"version-history":[{"count":0,"href":"https:\/\/energylifesciences.com\/ru\/wp-json\/wp\/v2\/pages\/19341\/revisions"}],"wp:attachment":[{"href":"https:\/\/energylifesciences.com\/ru\/wp-json\/wp\/v2\/media?parent=19341"}],"wp:term":[{"taxonomy":"category","embeddable":true,"href":"https:\/\/energylifesciences.com\/ru\/wp-json\/wp\/v2\/categories?post=19341"},{"taxonomy":"post_tag","embeddable":true,"href":"https:\/\/energylifesciences.com\/ru\/wp-json\/wp\/v2\/tags?post=19341"}],"curies":[{"name":"wp","href":"https:\/\/api.w.org\/{rel}","templated":true}]}}