{"id":359766,"date":"2023-03-18T14:04:13","date_gmt":"2023-03-18T21:04:13","guid":{"rendered":"https:\/\/energylifesciences.com\/?page_id=359766"},"modified":"2023-03-28T18:44:34","modified_gmt":"2023-03-29T01:44:34","slug":"liguria-2023-pratica-gratuita","status":"publish","type":"page","link":"https:\/\/energylifesciences.com\/ru\/liguria-2023-pratica-gratuita\/","title":{"rendered":"Liguria 2023 Italiano &#8211; Pratica Gratuita"},"content":{"rendered":"<p class=\"qtranxs-available-languages-message qtranxs-available-languages-message-ru\">\u0418\u0437\u0432\u0438\u043d\u0438\u0442\u0435, \u044d\u0442\u043e\u0442 \u0442\u0435\u043a\u0441\u0442 \u0434\u043e\u0441\u0442\u0443\u043f\u0435\u043d \u0442\u043e\u043b\u044c\u043a\u043e \u043d\u0430 &ldquo;<a href=\"https:\/\/energylifesciences.com\/en\/wp-json\/wp\/v2\/pages\/359766\" class=\"qtranxs-available-language-link qtranxs-available-language-link-en\" title=\"English\">English<\/a>&rdquo;.<\/p><p>[vc_row][vc_column offset=&#8221;vc_col-lg-offset-1 vc_col-lg-10&#8243;][vc_empty_space height=&#8221;120px&#8221;][vc_custom_heading text=&#8221;Seminario in Sestri Levante, 20-21 maggio<br \/>\n\u201cConsapevolezza Attraverso l&#8217;Armonia\u201d&#8221; font_container=&#8221;tag:h1|font_size:3rem|text_align:center&#8221; google_fonts=&#8221;font_family:Open%20Sans%3A300%2C300italic%2Cregular%2Citalic%2C600%2C600italic%2C700%2C700italic%2C800%2C800italic|font_style:300%20light%20regular%3A300%3Anormal&#8221;][vc_empty_space height=&#8221;52px&#8221;][vc_single_image image=&#8221;351061&#8243; img_size=&#8221;full&#8221; alignment=&#8221;center&#8221;][vc_column_text]<\/p>\n<h3 style=\"text-align: center;\">Il prossimo maggio in Europa con il <a href=\"https:\/\/energylifesciences.com\/dr-reid\/?_kx=\">Dr. Miles Reid!<\/a><\/h3>\n<p>[\/vc_column_text][vc_column_text]<\/p>\n<h4 style=\"text-align: center;\">Un&#8217;esplorazione del Maschile e del Femminile, in una Nuova Era per le Relazioni<\/h4>\n<h5 style=\"text-align: center;\">Sestri Levante, Italia 20-21 maggio<\/h5>\n<h5 style=\"text-align: center;\">Trattamenti 18-19 &amp; 22-23 maggio<\/h5>\n<h4 style=\"text-align: center;\">Sperimenta uno spazio dentro di te oltre le divisioni,<br \/>\ncompleto, silenzioso<\/h4>\n<p>[\/vc_column_text][\/vc_column][\/vc_row][vc_row][vc_column offset=&#8221;vc_col-lg-offset-1 vc_col-lg-10 vc_col-md-offset-1 vc_col-md-10&#8243;][vc_column_text]<\/p>\n<h4 style=\"text-align: center;\"><span style=\"color: #ff9900;\"><strong>Scopri come dare energia alle tue decisioni con questa pratica di 30\u2032:<\/strong><\/span><\/h4>\n<p>[\/vc_column_text][\/vc_column][\/vc_row][vc_row][vc_column offset=&#8221;vc_col-lg-offset-1 vc_col-lg-10 vc_col-md-offset-1 vc_col-md-10&#8243;][vc_column_text css=&#8221;.vc_custom_1679172982387{padding-right: 15% !important;padding-left: 15% !important;}&#8221;]<\/p>\n<p><iframe loading=\"lazy\" src=\"https:\/\/player.vimeo.com\/video\/803274991?h=f6e2c204c8&amp;dnt=1&amp;app_id=122963\" width=\"1200\" height=\"653\" frameborder=\"0\" allow=\"autoplay; fullscreen; picture-in-picture\" allowfullscreen><\/iframe><\/p>\n<p>[\/vc_column_text][\/vc_column][\/vc_row][vc_row][vc_column offset=&#8221;vc_col-lg-offset-1 vc_col-lg-10 vc_col-md-offset-1 vc_col-md-10&#8243;][vc_column_text]<\/p>\n<h4 style=\"text-align: center;\"><strong><span style=\"color: #ff9900;\">Registrati prima del 30 marzo e approfitta del nostro sconto di $ 100!<\/span><\/strong><\/h4>\n<p>[\/vc_column_text][vc_column_text][\/vc_column_text][\/vc_column][\/vc_row][vc_row][vc_column width=&#8221;1\/4&#8243; offset=&#8221;vc_col-lg-offset-1 vc_col-lg-10 vc_col-md-offset-1 vc_col-md-10&#8243; css=&#8221;.vc_custom_1676424496985{padding-left: 35% !important;}&#8221;]\r\n        <div class=\"lvca-pricing-table lvca-container\">\r\n\r\n            \r\n        <div\r\n            class=\"lvca-pricing-plan  lvca-sixcol\">\r\n\r\n            <div class=\"lvca-top-header\">\r\n\r\n                \r\n                <h3 class=\"lvca-center\">Consapevolezza Attraverso l'Armonia \u2013 Sestri Levante, Italia<\/h3>\r\n\r\n                \r\n            <\/div>\r\n\r\n            <h4 class=\"lvca-plan-price lvca-plan-header lvca-center\">\r\n\r\n                <span class=\"lvca-text\">\r\n\r\n                    $335\r\n                <\/span>\r\n\r\n            <\/h4>\r\n\r\n            <div class=\"lvca-plan-details\">\r\n\r\n                20-21 Maggio<br \/>\n<strong><big><span style=\"color: #800080;\"><del>$435<\/del> $335 Prezzo speciale per l&#8217;Europa prorogato fino al 30 aprile!<\/span><\/big><\/strong><br \/>\n<em>Fai dei trattamenti individuali e ricevi i loro sconti!<\/em><br \/>\n<div class=\"cc_product_wrapper\"><div id='AuUdiHeJpyhp' class='cc_product' data-subdomain='energylifesciences' data-sku='liguria-2023-discount' data-quantity='false' data-price='false' data-display='inline' data-client='false'>You've reached the end<\/div><\/div>\r\n            <\/div>\r\n            <!-- .lvca-plan-details -->\r\n\r\n            <div class=\"lvca-purchase\">\r\n\r\n                <a class=\"lvca-button\" href=\"\" title=\"\" target=\"\"><\/a>\r\n            <\/div>\r\n\r\n        <\/div>\r\n        <!-- .lvca-pricing-plan -->\r\n\r\n    \r\n        <\/div>\r\n\r\n        [\/vc_column][\/vc_row][vc_row][vc_column offset=&#8221;vc_col-lg-offset-1 vc_col-lg-10 vc_col-md-offset-1 vc_col-md-10&#8243;][vc_column_text]<em>Quando acquisti questo workshop ti verr\u00e0 chiesto di accedere al tuo account. Se non hai un account con noi, il sistema ti chieder\u00e0 una password. Il nome utente di accesso \u00e8 il tuo indirizzo email. Effettua il login per accedere a tutte le informazioni relative ai prodotti appena acquistati.<\/em>[\/vc_column_text][\/vc_column][\/vc_row][vc_row][vc_column offset=&#8221;vc_col-lg-offset-1 vc_col-lg-10 vc_col-md-offset-1 vc_col-md-10&#8243;][vc_column_text]<\/p>\n<h4 style=\"text-align: center;\"><span style=\"color: #ff9900;\"><strong>Trattamenti in Sestri Levante<\/strong><\/span><\/h4>\n<p><a id=\"boxessestri\"><\/a><br \/>\n[\/vc_column_text]\r\n        <div class=\"lvca-pricing-table lvca-container\">\r\n\r\n            \r\n        <div\r\n            class=\"lvca-pricing-plan  lvca-fourcol\">\r\n\r\n            <div class=\"lvca-top-header\">\r\n\r\n                \r\n                <h3 class=\"lvca-center\">Trattamenti in Sestri Levante con il Dr. Miles Reid \u2013 Da 1 a 2 Trattamenti<\/h3>\r\n\r\n                \r\n            <\/div>\r\n\r\n            <h4 class=\"lvca-plan-price lvca-plan-header lvca-center\">\r\n\r\n                <span class=\"lvca-text\">\r\n\r\n                    $239 USD (225 Euros) <i><small>per trattamento<\/small><\/i>\r\n                <\/span>\r\n\r\n            <\/h4>\r\n\r\n            <div class=\"lvca-plan-details\">\r\n\r\n                Prezzo per 1 o 2 trattamenti (ciascuno)<br \/>\nNel tuo carrello, sotto &#8220;Quantit\u00e0&#8221;, <strong><span style=\"color: #800080;\">assicurati di digitare il numero 2 invece di 1 se vuoi fare 2 trattamenti, e poi su &#8220;Update Cart&#8221;<\/span><\/strong>. Quindi procedi al checkout.<br \/>\n<div class=\"cc_product_wrapper\"><div id='6eNMJv6Xy3Vo' class='cc_product' data-subdomain='energylifesciences' data-sku='treatments-2023-liguria-12' data-quantity='false' data-price='false' data-display='inline' data-client='false'>You've reached the end<\/div><\/div>\r\n            <\/div>\r\n            <!-- .lvca-plan-details -->\r\n\r\n            <div class=\"lvca-purchase\">\r\n\r\n                <a class=\"lvca-button\" href=\"\" title=\"\" target=\"\"><\/a>\r\n            <\/div>\r\n\r\n        <\/div>\r\n        <!-- .lvca-pricing-plan -->\r\n\r\n    \r\n        <div\r\n            class=\"lvca-pricing-plan  lvca-fourcol\">\r\n\r\n            <div class=\"lvca-top-header\">\r\n\r\n                \r\n                <h3 class=\"lvca-center\">Trattamenti in Sestri Levante con il Dr. Miles Reid \u2013 3 Trattamenti<\/h3>\r\n\r\n                \r\n            <\/div>\r\n\r\n            <h4 class=\"lvca-plan-price lvca-plan-header lvca-center\">\r\n\r\n                <span class=\"lvca-text\">\r\n\r\n                    $228 USD (215 Euros) <i><small>per trattamento<\/small><\/i>\r\n                <\/span>\r\n\r\n            <\/h4>\r\n\r\n            <div class=\"lvca-plan-details\">\r\n\r\n                Prezzo scontato per 3 trattamenti = $684 USD.<br \/>\n<strong><span style=\"color: #800080;\">Risparmia $33 USD!<\/span><\/strong><br \/>\n<div class=\"cc_product_wrapper\"><div id='GD9Gpr7ZrGkW' class='cc_product' data-subdomain='energylifesciences' data-sku='treatments-2023-liguria-3' data-quantity='false' data-price='false' data-display='inline' data-client='false'>You've reached the end<\/div><\/div>\r\n            <\/div>\r\n            <!-- .lvca-plan-details -->\r\n\r\n            <div class=\"lvca-purchase\">\r\n\r\n                <a class=\"lvca-button\" href=\"\" title=\"\" target=\"\"><\/a>\r\n            <\/div>\r\n\r\n        <\/div>\r\n        <!-- .lvca-pricing-plan -->\r\n\r\n    \r\n        <div\r\n            class=\"lvca-pricing-plan  lvca-fourcol\">\r\n\r\n            <div class=\"lvca-top-header\">\r\n\r\n                \r\n                <h3 class=\"lvca-center\">Trattamenti in Sestri Levante con il Dr. Miles Reid \u2013 4 Trattamenti<\/h3>\r\n\r\n                \r\n            <\/div>\r\n\r\n            <h4 class=\"lvca-plan-price lvca-plan-header lvca-center\">\r\n\r\n                <span class=\"lvca-text\">\r\n\r\n                    $218 USD (205 Euros) <i><small>per trattamento<\/small><\/i>\r\n                <\/span>\r\n\r\n            <\/h4>\r\n\r\n            <div class=\"lvca-plan-details\">\r\n\r\n                Prezzo scontato per 4 trattamenti = $872 USD.<br \/>\n<strong><span style=\"color: #800080;\">Risparmia $84 USD!<\/span><\/strong><br \/>\n<div class=\"cc_product_wrapper\"><div id='aEooM57enI1S' class='cc_product' data-subdomain='energylifesciences' data-sku='treatments-2023-liguria-4' data-quantity='false' data-price='false' data-display='inline' data-client='false'>You've reached the end<\/div><\/div>\r\n            <\/div>\r\n            <!-- .lvca-plan-details -->\r\n\r\n            <div class=\"lvca-purchase\">\r\n\r\n                <a class=\"lvca-button\" href=\"\" title=\"\" target=\"\"><\/a>\r\n            <\/div>\r\n\r\n        <\/div>\r\n        <!-- .lvca-pricing-plan -->\r\n\r\n    \r\n        <\/div>\r\n\r\n        [\/vc_column][\/vc_row]<\/p>","protected":false},"excerpt":{"rendered":"<p>\u0418\u0437\u0432\u0438\u043d\u0438\u0442\u0435, \u044d\u0442\u043e\u0442 \u0442\u0435\u043a\u0441\u0442 \u0434\u043e\u0441\u0442\u0443\u043f\u0435\u043d \u0442\u043e\u043b\u044c\u043a\u043e \u043d\u0430 &ldquo;English&rdquo;.[vc_row][vc_column offset=&#8221;vc_col-lg-offset-1 vc_col-lg-10&#8243;][vc_empty_space height=&#8221;120px&#8221;][vc_custom_heading text=&#8221;Seminario in Sestri Levante, 20-21 maggio \u201cConsapevolezza Attraverso l&#8217;Armonia\u201d&#8221; font_container=&#8221;tag:h1|font_size:3rem|text_align:center&#8221; google_fonts=&#8221;font_family:Open%20Sans%3A300%2C300italic%2Cregular%2Citalic%2C600%2C600italic%2C700%2C700italic%2C800%2C800italic|font_style:300%20light%20regular%3A300%3Anormal&#8221;][vc_empty_space height=&#8221;52px&#8221;][vc_single_image image=&#8221;351061&#8243; img_size=&#8221;full&#8221; alignment=&#8221;center&#8221;][vc_column_text] Il prossimo maggio in Europa con il Dr. Miles Reid! [\/vc_column_text][vc_column_text] Un&#8217;esplorazione del Maschile e del Femminile, in una Nuova Era per le Relazioni Sestri Levante, Italia 20-21 maggio Trattamenti<a class=\"excerpt-read-more\" href=\"https:\/\/energylifesciences.com\/ru\/liguria-2023-pratica-gratuita\/\" title=\"ReadLiguria 2023 Italiano &#8211; Pratica Gratuita\">&#8230; Read more &raquo;<\/a><\/p>\n","protected":false},"author":11,"featured_media":0,"parent":0,"menu_order":0,"comment_status":"closed","ping_status":"closed","template":"template-full-width.php","meta":{"footnotes":""},"categories":[],"tags":[],"class_list":["post-359766","page","type-page","status-publish","hentry"],"_links":{"self":[{"href":"https:\/\/energylifesciences.com\/ru\/wp-json\/wp\/v2\/pages\/359766","targetHints":{"allow":["GET"]}}],"collection":[{"href":"https:\/\/energylifesciences.com\/ru\/wp-json\/wp\/v2\/pages"}],"about":[{"href":"https:\/\/energylifesciences.com\/ru\/wp-json\/wp\/v2\/types\/page"}],"author":[{"embeddable":true,"href":"https:\/\/energylifesciences.com\/ru\/wp-json\/wp\/v2\/users\/11"}],"replies":[{"embeddable":true,"href":"https:\/\/energylifesciences.com\/ru\/wp-json\/wp\/v2\/comments?post=359766"}],"version-history":[{"count":0,"href":"https:\/\/energylifesciences.com\/ru\/wp-json\/wp\/v2\/pages\/359766\/revisions"}],"wp:attachment":[{"href":"https:\/\/energylifesciences.com\/ru\/wp-json\/wp\/v2\/media?parent=359766"}],"wp:term":[{"taxonomy":"category","embeddable":true,"href":"https:\/\/energylifesciences.com\/ru\/wp-json\/wp\/v2\/categories?post=359766"},{"taxonomy":"post_tag","embeddable":true,"href":"https:\/\/energylifesciences.com\/ru\/wp-json\/wp\/v2\/tags?post=359766"}],"curies":[{"name":"wp","href":"https:\/\/api.w.org\/{rel}","templated":true}]}}